{"id":180,"date":"2019-11-09T19:21:45","date_gmt":"2019-11-09T18:21:45","guid":{"rendered":"http:\/\/welovewebs.com\/?page_id=180"},"modified":"2021-02-16T10:57:42","modified_gmt":"2021-02-16T09:57:42","slug":"home-2","status":"publish","type":"page","link":"https:\/\/welovewebs.com\/ca\/","title":{"rendered":"Home"},"content":{"rendered":"<p>T&#8217;oferim tot el nostre coneixement en processos de transformaci\u00f3 digital. Ens apassiona la comunicaci\u00f3 proactiva perqu\u00e8 accedeixis a la informaci\u00f3 que necessites.<\/p>\n<p><script src=\"https:\/\/apis.google.com\/js\/platform.js\"><\/script><\/p>\n<div class=\"google-partnersbadge\">\n<div class=\"g-partnersbadge\" data-agency-id=\"8268532078\"><\/div>\n<\/div>\n","protected":false},"excerpt":{"rendered":"<p>T&#8217;oferim tot el nostre coneixement en processos de transformaci\u00f3 digital. Ens apassiona la comunicaci\u00f3 proactiva perqu\u00e8 accedeixis a la informaci\u00f3 que necessites.<\/p>\n","protected":false},"author":2,"featured_media":3623,"parent":0,"menu_order":0,"comment_status":"closed","ping_status":"closed","template":"","meta":{"_acf_changed":false,"footnotes":""},"class_list":["post-180","page","type-page","status-publish","has-post-thumbnail","hentry"],"acf":[],"yoast_head":"<!-- This site is optimized with the Yoast SEO plugin v24.5 - https:\/\/yoast.com\/wordpress\/plugins\/seo\/ -->\n<title>La teva ag\u00e8ncia de m\u00e0rqueting digital a Barcelona | WeLoveWebs<\/title>\n<meta name=\"description\" content=\"Et donem la benvinguda al nostre web. A Welovewebs, volem ser la teva ag\u00e8ncia de m\u00e0rqueting digital. Estem a Barcelona per\u00f2 treballem a nivell nacional. Volem aportar valor real a la teva empresa\" \/>\n<meta name=\"robots\" content=\"index, follow, max-snippet:-1, max-image-preview:large, max-video-preview:-1\" \/>\n<link rel=\"canonical\" href=\"https:\/\/welovewebs.com\/ca\/\" \/>\n<meta property=\"og:locale\" content=\"ca_ES\" \/>\n<meta property=\"og:type\" content=\"article\" \/>\n<meta property=\"og:title\" content=\"La teva ag\u00e8ncia de m\u00e0rqueting digital a Barcelona | WeLoveWebs\" \/>\n<meta property=\"og:description\" content=\"Et donem la benvinguda al nostre web. A Welovewebs, volem ser la teva ag\u00e8ncia de m\u00e0rqueting digital. Estem a Barcelona per\u00f2 treballem a nivell nacional. Volem aportar valor real a la teva empresa\" \/>\n<meta property=\"og:url\" content=\"https:\/\/welovewebs.com\/ca\/\" \/>\n<meta property=\"og:site_name\" content=\"WeLoveWebs\" \/>\n<meta property=\"article:modified_time\" content=\"2021-02-16T09:57:42+00:00\" \/>\n<meta property=\"og:image\" content=\"https:\/\/welovewebs.com\/wp-content\/uploads\/2019\/12\/welovewebs-oficinas-barcelona-002.jpg\" \/>\n\t<meta property=\"og:image:width\" content=\"683\" \/>\n\t<meta property=\"og:image:height\" content=\"538\" \/>\n\t<meta property=\"og:image:type\" content=\"image\/jpeg\" \/>\n<meta name=\"twitter:card\" content=\"summary_large_image\" \/>\n<script type=\"application\/ld+json\" class=\"yoast-schema-graph\">{\"@context\":\"https:\/\/schema.org\",\"@graph\":[{\"@type\":\"WebPage\",\"@id\":\"https:\/\/welovewebs.com\/ca\/\",\"url\":\"https:\/\/welovewebs.com\/ca\/\",\"name\":\"La teva ag\u00e8ncia de m\u00e0rqueting digital a Barcelona | WeLoveWebs\",\"isPartOf\":{\"@id\":\"https:\/\/welovewebs.com\/ca\/#website\"},\"primaryImageOfPage\":{\"@id\":\"https:\/\/welovewebs.com\/ca\/#primaryimage\"},\"image\":{\"@id\":\"https:\/\/welovewebs.com\/ca\/#primaryimage\"},\"thumbnailUrl\":\"https:\/\/welovewebs.com\/wp-content\/uploads\/2019\/12\/welovewebs-oficinas-barcelona-002.jpg\",\"datePublished\":\"2019-11-09T18:21:45+00:00\",\"dateModified\":\"2021-02-16T09:57:42+00:00\",\"description\":\"Et donem la benvinguda al nostre web. A Welovewebs, volem ser la teva ag\u00e8ncia de m\u00e0rqueting digital. Estem a Barcelona per\u00f2 treballem a nivell nacional. Volem aportar valor real a la teva empresa\",\"breadcrumb\":{\"@id\":\"https:\/\/welovewebs.com\/ca\/#breadcrumb\"},\"inLanguage\":\"ca\",\"potentialAction\":[{\"@type\":\"ReadAction\",\"target\":[\"https:\/\/welovewebs.com\/ca\/\"]}]},{\"@type\":\"ImageObject\",\"inLanguage\":\"ca\",\"@id\":\"https:\/\/welovewebs.com\/ca\/#primaryimage\",\"url\":\"https:\/\/welovewebs.com\/wp-content\/uploads\/2019\/12\/welovewebs-oficinas-barcelona-002.jpg\",\"contentUrl\":\"https:\/\/welovewebs.com\/wp-content\/uploads\/2019\/12\/welovewebs-oficinas-barcelona-002.jpg\",\"width\":683,\"height\":538,\"caption\":\"Oficina WeLoveWebs\"},{\"@type\":\"BreadcrumbList\",\"@id\":\"https:\/\/welovewebs.com\/ca\/#breadcrumb\",\"itemListElement\":[{\"@type\":\"ListItem\",\"position\":1,\"name\":\"Portada\",\"item\":\"https:\/\/welovewebs.com\/ca\/\"},{\"@type\":\"ListItem\",\"position\":2,\"name\":\"Home\"}]},{\"@type\":\"WebSite\",\"@id\":\"https:\/\/welovewebs.com\/ca\/#website\",\"url\":\"https:\/\/welovewebs.com\/ca\/\",\"name\":\"WeLoveWebs\",\"description\":\"Tu Agencia de Marketing Digital y Desarrollo Web en Barcelona\",\"publisher\":{\"@id\":\"https:\/\/welovewebs.com\/ca\/#organization\"},\"potentialAction\":[{\"@type\":\"SearchAction\",\"target\":{\"@type\":\"EntryPoint\",\"urlTemplate\":\"https:\/\/welovewebs.com\/ca\/?s={search_term_string}\"},\"query-input\":{\"@type\":\"PropertyValueSpecification\",\"valueRequired\":true,\"valueName\":\"search_term_string\"}}],\"inLanguage\":\"ca\"},{\"@type\":\"Organization\",\"@id\":\"https:\/\/welovewebs.com\/ca\/#organization\",\"name\":\"WeLoveWebs SL\",\"url\":\"https:\/\/welovewebs.com\/ca\/\",\"logo\":{\"@type\":\"ImageObject\",\"inLanguage\":\"ca\",\"@id\":\"https:\/\/welovewebs.com\/ca\/#\/schema\/logo\/image\/\",\"url\":\"https:\/\/welovewebs.com\/wp-content\/uploads\/2020\/02\/favicon-1.gif\",\"contentUrl\":\"https:\/\/welovewebs.com\/wp-content\/uploads\/2020\/02\/favicon-1.gif\",\"width\":260,\"height\":260,\"caption\":\"WeLoveWebs SL\"},\"image\":{\"@id\":\"https:\/\/welovewebs.com\/ca\/#\/schema\/logo\/image\/\"}}]}<\/script>\n<!-- \/ Yoast SEO plugin. -->","yoast_head_json":{"title":"La teva ag\u00e8ncia de m\u00e0rqueting digital a Barcelona | WeLoveWebs","description":"Et donem la benvinguda al nostre web. A Welovewebs, volem ser la teva ag\u00e8ncia de m\u00e0rqueting digital. Estem a Barcelona per\u00f2 treballem a nivell nacional. Volem aportar valor real a la teva empresa","robots":{"index":"index","follow":"follow","max-snippet":"max-snippet:-1","max-image-preview":"max-image-preview:large","max-video-preview":"max-video-preview:-1"},"canonical":"https:\/\/welovewebs.com\/ca\/","og_locale":"ca_ES","og_type":"article","og_title":"La teva ag\u00e8ncia de m\u00e0rqueting digital a Barcelona | WeLoveWebs","og_description":"Et donem la benvinguda al nostre web. A Welovewebs, volem ser la teva ag\u00e8ncia de m\u00e0rqueting digital. Estem a Barcelona per\u00f2 treballem a nivell nacional. Volem aportar valor real a la teva empresa","og_url":"https:\/\/welovewebs.com\/ca\/","og_site_name":"WeLoveWebs","article_modified_time":"2021-02-16T09:57:42+00:00","og_image":[{"width":683,"height":538,"url":"https:\/\/welovewebs.com\/wp-content\/uploads\/2019\/12\/welovewebs-oficinas-barcelona-002.jpg","type":"image\/jpeg"}],"twitter_card":"summary_large_image","schema":{"@context":"https:\/\/schema.org","@graph":[{"@type":"WebPage","@id":"https:\/\/welovewebs.com\/ca\/","url":"https:\/\/welovewebs.com\/ca\/","name":"La teva ag\u00e8ncia de m\u00e0rqueting digital a Barcelona | WeLoveWebs","isPartOf":{"@id":"https:\/\/welovewebs.com\/ca\/#website"},"primaryImageOfPage":{"@id":"https:\/\/welovewebs.com\/ca\/#primaryimage"},"image":{"@id":"https:\/\/welovewebs.com\/ca\/#primaryimage"},"thumbnailUrl":"https:\/\/welovewebs.com\/wp-content\/uploads\/2019\/12\/welovewebs-oficinas-barcelona-002.jpg","datePublished":"2019-11-09T18:21:45+00:00","dateModified":"2021-02-16T09:57:42+00:00","description":"Et donem la benvinguda al nostre web. A Welovewebs, volem ser la teva ag\u00e8ncia de m\u00e0rqueting digital. Estem a Barcelona per\u00f2 treballem a nivell nacional. Volem aportar valor real a la teva empresa","breadcrumb":{"@id":"https:\/\/welovewebs.com\/ca\/#breadcrumb"},"inLanguage":"ca","potentialAction":[{"@type":"ReadAction","target":["https:\/\/welovewebs.com\/ca\/"]}]},{"@type":"ImageObject","inLanguage":"ca","@id":"https:\/\/welovewebs.com\/ca\/#primaryimage","url":"https:\/\/welovewebs.com\/wp-content\/uploads\/2019\/12\/welovewebs-oficinas-barcelona-002.jpg","contentUrl":"https:\/\/welovewebs.com\/wp-content\/uploads\/2019\/12\/welovewebs-oficinas-barcelona-002.jpg","width":683,"height":538,"caption":"Oficina WeLoveWebs"},{"@type":"BreadcrumbList","@id":"https:\/\/welovewebs.com\/ca\/#breadcrumb","itemListElement":[{"@type":"ListItem","position":1,"name":"Portada","item":"https:\/\/welovewebs.com\/ca\/"},{"@type":"ListItem","position":2,"name":"Home"}]},{"@type":"WebSite","@id":"https:\/\/welovewebs.com\/ca\/#website","url":"https:\/\/welovewebs.com\/ca\/","name":"WeLoveWebs","description":"Tu Agencia de Marketing Digital y Desarrollo Web en Barcelona","publisher":{"@id":"https:\/\/welovewebs.com\/ca\/#organization"},"potentialAction":[{"@type":"SearchAction","target":{"@type":"EntryPoint","urlTemplate":"https:\/\/welovewebs.com\/ca\/?s={search_term_string}"},"query-input":{"@type":"PropertyValueSpecification","valueRequired":true,"valueName":"search_term_string"}}],"inLanguage":"ca"},{"@type":"Organization","@id":"https:\/\/welovewebs.com\/ca\/#organization","name":"WeLoveWebs SL","url":"https:\/\/welovewebs.com\/ca\/","logo":{"@type":"ImageObject","inLanguage":"ca","@id":"https:\/\/welovewebs.com\/ca\/#\/schema\/logo\/image\/","url":"https:\/\/welovewebs.com\/wp-content\/uploads\/2020\/02\/favicon-1.gif","contentUrl":"https:\/\/welovewebs.com\/wp-content\/uploads\/2020\/02\/favicon-1.gif","width":260,"height":260,"caption":"WeLoveWebs SL"},"image":{"@id":"https:\/\/welovewebs.com\/ca\/#\/schema\/logo\/image\/"}}]}},"_links":{"self":[{"href":"https:\/\/welovewebs.com\/ca\/wp-json\/wp\/v2\/pages\/180","targetHints":{"allow":["GET"]}}],"collection":[{"href":"https:\/\/welovewebs.com\/ca\/wp-json\/wp\/v2\/pages"}],"about":[{"href":"https:\/\/welovewebs.com\/ca\/wp-json\/wp\/v2\/types\/page"}],"author":[{"embeddable":true,"href":"https:\/\/welovewebs.com\/ca\/wp-json\/wp\/v2\/users\/2"}],"replies":[{"embeddable":true,"href":"https:\/\/welovewebs.com\/ca\/wp-json\/wp\/v2\/comments?post=180"}],"version-history":[{"count":0,"href":"https:\/\/welovewebs.com\/ca\/wp-json\/wp\/v2\/pages\/180\/revisions"}],"wp:featuredmedia":[{"embeddable":true,"href":"https:\/\/welovewebs.com\/ca\/wp-json\/wp\/v2\/media\/3623"}],"wp:attachment":[{"href":"https:\/\/welovewebs.com\/ca\/wp-json\/wp\/v2\/media?parent=180"}],"curies":[{"name":"wp","href":"https:\/\/api.w.org\/{rel}","templated":true}]}}