{"id":4847,"date":"2021-01-10T14:17:26","date_gmt":"2021-01-10T13:17:26","guid":{"rendered":"https:\/\/welovewebs.com\/avis-legal-i-condicions-dus-2\/"},"modified":"2021-01-13T09:34:01","modified_gmt":"2021-01-13T08:34:01","slug":"avis-legal-i-condicions-dus-2","status":"publish","type":"page","link":"https:\/\/welovewebs.com\/ca\/avis-legal-i-condicions-dus-2\/","title":{"rendered":"Av\u00eds Legal i condicions d&#8217;\u00fas"},"content":{"rendered":"<p><span data-sheets-value=\"{&quot;1&quot;:2,&quot;2&quot;:&quot;En compliment de la Llei 34\/2002, d'11 de juliol, de Serveis de la Societat de la Informaci\u00f3 i del Comer\u00e7 Electr\u00f2nic (*LSSI-CE), WELOVEWEBS SL informa que \u00e9s titular del lloc web www.welovewebs.com. D'acord amb l'exig\u00e8ncia de l'article 10 de la citada Llei, WELOVEWEBS SL informa de les seg\u00fcents dades: El titular d'aquest lloc web \u00e9s WELOVEWEBS SL, amb CIF B66748450 i domicili social a C\/DE ROS\u00c9S 67-69 EN 3 08028, BARCELONA, inscrita al Registre Mercantil, en el tom 45291, foli 90, full b483073 i inscripci\u00f3 1. L'adre\u00e7a de correu electr\u00f2nic de contacte amb l'empresa \u00e9s: info@welovewebs.com.\\n\\nUsuari i r\u00e8gim de responsabilitats\\nLa navegaci\u00f3, acc\u00e9s i \u00fas al lloc web de WELOVEWEBS SL confereix la condici\u00f3 d'usuari, per la qual s'accepten, des de la navegaci\u00f3 pel lloc web de WELOVEWEBS SL, totes les condicions d'\u00fas aqu\u00ed establertes sense perjudici de l'aplicaci\u00f3 de la corresponent normativa d'obligat compliment legal segons el cas. El lloc web de WELOVEWEBS SL proporciona gran diversitat d'informaci\u00f3, serveis i dades. L'usuari assumeix la seva responsabilitat en l'\u00fas correcte del lloc web. Aquesta responsabilitat s'estendr\u00e0 a:\\nLa veracitat i licitud de les informacions aportades per l'usuari en els formularis estesos per WELOVEWEBS SL per a l'acc\u00e9s a certs continguts o serveis oferts pel web.\\nL'\u00fas de la informaci\u00f3, serveis i dades ofertes per WELOVEWEBS SL contr\u00e0riament al que es disposa per les presents condicions, la Llei, la moral, els bons costums o l'ordre p\u00fablic, o que de qualsevol altra manera puguin suposar lesi\u00f3 dels drets de tercers o del mateix funcionament del lloc web.\\n\\nPol\u00edtica d'enlla\u00e7os i exempcions de responsabilitat\\nWELOVEWEBS SL no es fa responsable del contingut dels llocs web als quals l'usuari pugui accedir a trav\u00e9s dels enlla\u00e7os establerts al seu lloc web i declara que en cap cas procedir\u00e0 a examinar o exercitar cap mena de control sobre el contingut d'altres llocs de la xarxa. Aix\u00ed mateix, tampoc garantir\u00e0 la disponibilitat t\u00e8cnica, exactitud, veracitat, validesa o legalitat de llocs aliens a la seva propietat als quals es pugui accedir per mitj\u00e0 dels enlla\u00e7os. WELOVEWEBS SL declara haver adoptat totes les mesures necess\u00e0ries per a evitar qualsevol mal als usuaris del seu lloc web, que poguessin derivar-se de la navegaci\u00f3 pel seu lloc web. En conseq\u00fc\u00e8ncia, WELOVEWEBS SL no es fa responsable, en cap cas, dels eventuals danys que per la navegaci\u00f3 per Internet pogu\u00e9s sofrir l'usuari.\\n\\nModificacions\\nWELOVEWEBS SL es reserva el dret a realitzar les modificacions que consideri oportunes, sense av\u00eds previ, al contingut del seu lloc web. Tant referent als continguts del lloc web, com a les condicions d'\u00fas d'aquest. Aquestes modificacions podran realitzar-se a trav\u00e9s del seu lloc web per qualsevol forma admissible en dret i seran d'obligat compliment durant el temps en qu\u00e8 es trobin publicades en la web i fins que no siguin modificades v\u00e0lidament per altres posteriors.\\n\\nProtecci\u00f3 de dades\\nDe conformitat amb el que s'estableix a la normativa vigent en Protecci\u00f3 de Dades de Car\u00e0cter Personal, l'informem que les seves dades seran incorporades al sistema de tractament titularitat de WELOVEWEBS SL amb CIF B66748450 i domicili social situat en C\/DE ROS\u00c9S 67-69 EN 3 08028, BARCELONA, amb la finalitat de poder facilitar, agilitar i complir els compromisos establerts entre totes dues parts. En compliment amb la normativa vigent, WELOVEWEBS SL informa que les dades seran conservades durant el termini estrictament necessari per a complir amb els preceptes esmentats amb anterioritat. L'informem que tractarem les seves dades conforme a l'exist\u00e8ncia del seu consentiment. WELOVEWEBS SL informa que procedir\u00e0 a tractar les dades de manera l\u00edcita, lleial, transparent, adequada, pertinent, limitada, exacta i actualitzada. \u00c9s per aix\u00f2 que WELOVEWEBS SL es compromet a adoptar totes les mesures raonables perqu\u00e8 aquests se suprimeixin o rectifiquin sense dilaci\u00f3 quan siguin inexactes. D'acord amb els drets que li confereix el la normativa vigent en protecci\u00f3 de dades podr\u00e0 exercir els drets d'acc\u00e9s, rectificaci\u00f3, limitaci\u00f3 de tractament, supressi\u00f3, portabilitat i oposici\u00f3 al tractament de les seves dades de car\u00e0cter personal aix\u00ed com del consentiment prestat per al tractament d'aquests, dirigint la seva petici\u00f3 a l'adre\u00e7a postal indicada m\u00e9s amunt o al correu electr\u00f2nic info@welovewebs.com. Podr\u00e0 dirigir-se a l'Autoritat de Control competent per a presentar la reclamaci\u00f3 que consideri oportuna.\\n\\nCertificat SSL (Secure Sockets Layer)\\nEl CERTIFICAT SSL proporciona autenticaci\u00f3, privacitat i seguretat de la informaci\u00f3 entre WELOVEWEBS SL i l'usuari. WELOVEWEBS SL disposa d'un certificat de seguretat que s'utilitza per CERTIFICAT SSL per a realitzar connexions segures. En aquest proc\u00e9s s'estableixen diversos par\u00e0metres per a realitzar la connexi\u00f3 de manera segura i s'estableix usant claus preestablertes, codificant i descodificant totes les dades enviades fins que la connexi\u00f3 sigui tancada.\\n\\nPropietat intel\u00b7lectual i industrial\\nWELOVEWEBS SL per si mateixa o com a cession\u00e0ria, \u00e9s titular de tots els drets de propietat intel\u00b7lectual i industrial de la seva p\u00e0gina web, aix\u00ed com dels elements continguts en la mateixa (a t\u00edtol enunciatiu, imatges, so, \u00e0udio, v\u00eddeo, programari o textos; marques o logotips, combinacions de colors, estructura i disseny, selecci\u00f3 de materials usats, programes d'ordinador necessaris per al seu funcionament, acc\u00e9s i \u00fas, etc.), titularitat de WELOVEWEBS SL. Seran, per conseg\u00fcent, obres protegides com a propietat intel\u00b7lectual per l'ordenament jur\u00eddic espanyol, sent-lis aplicables tant la normativa espanyola i comunit\u00e0ria en aquest camp, com els tractats internacionals relatius a la mat\u00e8ria i subscrits per Espanya. Tots els drets reservats. En virtut del que es disposa a la Llei de Propietat Intel\u00b7lectual, queden expressament prohibides la reproducci\u00f3, la distribuci\u00f3 i la comunicaci\u00f3 p\u00fablica, inclosa la seva modalitat de posada a disposici\u00f3, de la totalitat o part dels continguts d'aquesta p\u00e0gina web, amb finalitats comercials, en qualsevol suport i per qualsevol mitj\u00e0 t\u00e8cnic, sense l'autoritzaci\u00f3 de WELOVEWEBS SL. L'usuari es compromet a respectar els drets de Propietat Intel\u00b7lectual i Industrial titularitat de WELOVEWEBS SL. Podr\u00e0 visualitzar els elements del portal i fins i tot imprimir-los, copiar-los i emmagatzemar-los en el disc dur del seu ordinador o en qualsevol altre suport f\u00edsic sempre que sigui, \u00fanica i exclusivament, per al seu \u00fas personal i privat. L'usuari haur\u00e0 d'abstenir-se de suprimir, alterar, eludir o manipular qualsevol dispositiu de protecci\u00f3 o sistema de seguretat que estigu\u00e9s instal\u00b7lat en les p\u00e0gines de WELOVEWEBS SL.\\n\\nAccions legals, legislaci\u00f3 aplicable i jurisdicci\u00f3\\nWELOVEWEBS SL es reserva, aix\u00ed mateix, la facultat de presentar les accions civils o penals que consideri oportunes per la utilitzaci\u00f3 indeguda del seu lloc web i continguts, o per l'incompliment de les presents condicions. La relaci\u00f3 entre l'usuari i el prestador es regir\u00e0 per la normativa vigent i d'aplicaci\u00f3 al territori espanyol. De sorgir qualsevol controv\u00e8rsia les parts podran sotmetre els seus conflictes a arbitratge o acudir a la jurisdicci\u00f3 ordin\u00e0ria complint amb les normes sobre jurisdicci\u00f3 i compet\u00e8ncia sobre aquest tema. WELOVEWEBS SL t\u00e9 el seu domicili a BARCELONA, Espanya.&quot;}\" data-sheets-userformat=\"{&quot;2&quot;:14783,&quot;3&quot;:{&quot;1&quot;:1},&quot;4&quot;:[null,2,16777215],&quot;5&quot;:{&quot;1&quot;:[{&quot;1&quot;:2,&quot;2&quot;:0,&quot;5&quot;:[null,2,11184810]},{&quot;1&quot;:0,&quot;2&quot;:0,&quot;3&quot;:3},{&quot;1&quot;:1,&quot;2&quot;:0,&quot;4&quot;:1}]},&quot;6&quot;:{&quot;1&quot;:[{&quot;1&quot;:2,&quot;2&quot;:0,&quot;5&quot;:[null,2,11184810]},{&quot;1&quot;:0,&quot;2&quot;:0,&quot;3&quot;:3},{&quot;1&quot;:1,&quot;2&quot;:0,&quot;4&quot;:1}]},&quot;7&quot;:{&quot;1&quot;:[{&quot;1&quot;:2,&quot;2&quot;:0,&quot;5&quot;:[null,2,11184810]},{&quot;1&quot;:0,&quot;2&quot;:0,&quot;3&quot;:3},{&quot;1&quot;:1,&quot;2&quot;:0,&quot;4&quot;:1}]},&quot;8&quot;:{&quot;1&quot;:[{&quot;1&quot;:2,&quot;2&quot;:0,&quot;5&quot;:[null,2,11184810]},{&quot;1&quot;:0,&quot;2&quot;:0,&quot;3&quot;:3},{&quot;1&quot;:1,&quot;2&quot;:0,&quot;4&quot;:1}]},&quot;10&quot;:0,&quot;11&quot;:4,&quot;14&quot;:[null,2,0],&quot;15&quot;:&quot;Calibri&quot;,&quot;16&quot;:11}\" data-sheets-textstyleruns=\"{&quot;1&quot;:0}\uee10[null,597,{&quot;5&quot;:1}]\uee10{&quot;1&quot;:631}\uee10[null,1306,{&quot;2&quot;:[null,2,16750848]}]\uee10{&quot;1&quot;:1600}\uee10[null,1602,{&quot;5&quot;:1}]\uee10{&quot;1&quot;:1653}\uee10[null,2441,{&quot;5&quot;:1}]\uee10{&quot;1&quot;:2454}\uee10[null,2930,{&quot;5&quot;:1}]\uee10{&quot;1&quot;:2948}\uee10[null,3403,{&quot;2&quot;:[null,2,16750848]}]\uee10{&quot;1&quot;:3631}\uee10[null,3781,{&quot;2&quot;:[null,2,16750848]}]\uee10{&quot;1&quot;:3942}\uee10[null,4463,{&quot;5&quot;:1}]\uee10{&quot;1&quot;:4501}\uee10[null,4618,{&quot;2&quot;:[null,2,16750848]}]\uee10{&quot;1&quot;:4835}\uee10[null,4965,{&quot;5&quot;:1}]\uee10{&quot;1&quot;:5002}\uee10[null,6672,{&quot;5&quot;:1}]\uee10{&quot;1&quot;:6723}\">En compliment de la Llei 34\/2002, d&#8217;11 de juliol, de Serveis de la Societat de la Informaci\u00f3 i del Comer\u00e7 Electr\u00f2nic (LSSI-CE), WELOVEWEBS SL informa que \u00e9s titular del lloc web www.welovewebs.com. D&#8217;acord amb l&#8217;exig\u00e8ncia de l&#8217;article 10 de la citada Llei, WELOVEWEBS SL informa de les seg\u00fcents dades: El titular d&#8217;aquest lloc web \u00e9s WELOVEWEBS SL, amb CIF B66748450 i domicili social a C\/DE ROS\u00c9S 67-69 EN 3 08028, BARCELONA, inscrita al Registre Mercantil, en el tom 45291, foli 90, full b483073 i inscripci\u00f3 1. L&#8217;adre\u00e7a de correu electr\u00f2nic de contacte amb l&#8217;empresa \u00e9s: <a href=\"mailto:info@welovewebs.com\" data-mce-href=\"mailto:info@welovewebs.com\">info@welovewebs.com<\/a>.<\/span><\/p>\n<h3>Usuari i r\u00e8gim de responsabilitats<\/h3>\n<p>La navegaci\u00f3, acc\u00e9s i \u00fas al lloc web de WELOVEWEBS SL confereix la condici\u00f3 d&#8217;usuari, per la qual s&#8217;accepten, des de la navegaci\u00f3 pel lloc web de WELOVEWEBS SL, totes les condicions d&#8217;\u00fas aqu\u00ed establertes sense perjudici de l&#8217;aplicaci\u00f3 de la corresponent normativa d&#8217;obligat compliment legal segons el cas. El lloc web de WELOVEWEBS SL proporciona gran diversitat d&#8217;informaci\u00f3, serveis i dades. L&#8217;usuari assumeix la seva responsabilitat en l&#8217;\u00fas correcte del lloc web. Aquesta responsabilitat s&#8217;estendr\u00e0 a:<\/p>\n<ul>\n<li>La veracitat i licitud de les informacions aportades per l&#8217;usuari en els formularis estesos per WELOVEWEBS SL per a l&#8217;acc\u00e9s a certs continguts o serveis oferts pel web.<\/li>\n<li>L&#8217;\u00fas de la informaci\u00f3, serveis i dades ofertes per WELOVEWEBS SL contr\u00e0riament al que es disposa per les presents condicions, la Llei, la moral, els bons costums o l&#8217;ordre p\u00fablic, o que de qualsevol altra manera puguin suposar lesi\u00f3 dels drets de tercers o del mateix funcionament del lloc web.<\/li>\n<\/ul>\n<h3>Pol\u00edtica d&#8217;enlla\u00e7os i exempcions de responsabilitat<\/h3>\n<p>WELOVEWEBS SL no es fa responsable del contingut dels llocs web als quals l&#8217;usuari pugui accedir a trav\u00e9s dels enlla\u00e7os establerts al seu lloc web i declara que en cap cas procedir\u00e0 a examinar o exercitar cap mena de control sobre el contingut d&#8217;altres llocs de la xarxa. Aix\u00ed mateix, tampoc garantir\u00e0 la disponibilitat t\u00e8cnica, exactitud, veracitat, validesa o legalitat de llocs aliens a la seva propietat als quals es pugui accedir per mitj\u00e0 dels enlla\u00e7os. WELOVEWEBS SL declara haver adoptat totes les mesures necess\u00e0ries per a evitar qualsevol mal als usuaris del seu lloc web, que poguessin derivar-se de la navegaci\u00f3 pel seu lloc web. En conseq\u00fc\u00e8ncia, WELOVEWEBS SL no es fa responsable, en cap cas, dels eventuals danys que per la navegaci\u00f3 per Internet pogu\u00e9s sofrir l&#8217;usuari.<\/p>\n<h3>Modificacions<\/h3>\n<p>WELOVEWEBS SL es reserva el dret a realitzar les modificacions que consideri oportunes, sense av\u00eds previ, al contingut del seu lloc web. Tant referent als continguts del lloc web, com a les condicions d&#8217;\u00fas d&#8217;aquest. Aquestes modificacions podran realitzar-se a trav\u00e9s del seu lloc web per qualsevol forma admissible en dret i seran d&#8217;obligat compliment durant el temps en qu\u00e8 es trobin publicades en la web i fins que no siguin modificades v\u00e0lidament per altres posteriors.<\/p>\n<h3>Protecci\u00f3 de dades<\/h3>\n<p>De conformitat amb el que s&#8217;estableix a la normativa vigent en Protecci\u00f3 de Dades de Car\u00e0cter Personal, l&#8217;informem que les seves dades seran incorporades al sistema de tractament titularitat de WELOVEWEBS SL amb CIF B66748450 i domicili social situat en C\/DE ROS\u00c9S 67-69 EN 3 08028, BARCELONA, amb la finalitat de poder facilitar, agilitar i complir els compromisos establerts entre totes dues parts. En compliment amb la normativa vigent, WELOVEWEBS SL informa que les dades seran conservades durant el termini estrictament necessari per a complir amb els preceptes esmentats amb anterioritat. L&#8217;informem que tractarem les seves dades conforme a l&#8217;exist\u00e8ncia del seu consentiment. WELOVEWEBS SL informa que procedir\u00e0 a tractar les dades de manera l\u00edcita, lleial, transparent, adequada, pertinent, limitada, exacta i actualitzada. \u00c9s per aix\u00f2 que WELOVEWEBS SL es compromet a adoptar totes les mesures raonables perqu\u00e8 aquests se suprimeixin o rectifiquin sense dilaci\u00f3 quan siguin inexactes. D&#8217;acord amb els drets que li confereix el la normativa vigent en protecci\u00f3 de dades podr\u00e0 exercir els drets d&#8217;acc\u00e9s, rectificaci\u00f3, limitaci\u00f3 de tractament, supressi\u00f3, portabilitat i oposici\u00f3 al tractament de les seves dades de car\u00e0cter personal aix\u00ed com del consentiment prestat per al tractament d&#8217;aquests, dirigint la seva petici\u00f3 a l&#8217;adre\u00e7a postal indicada m\u00e9s amunt o al correu electr\u00f2nic <a href=\"mailto:info@welovewebs.com\" data-mce-href=\"mailto:info@welovewebs.com\">info@welovewebs.com<\/a>. Podr\u00e0 dirigir-se a l&#8217;Autoritat de Control competent per a presentar la reclamaci\u00f3 que consideri oportuna.<\/p>\n<h3>Certificat SSL (Secure Sockets Layer)<\/h3>\n<p>El CERTIFICAT SSL proporciona autenticaci\u00f3, privacitat i seguretat de la informaci\u00f3 entre WELOVEWEBS SL i l&#8217;usuari. WELOVEWEBS SL disposa d&#8217;un certificat de seguretat que s&#8217;utilitza per CERTIFICAT SSL per a realitzar connexions segures. En aquest proc\u00e9s s&#8217;estableixen diversos par\u00e0metres per a realitzar la connexi\u00f3 de manera segura i s&#8217;estableix usant claus preestablertes, codificant i descodificant totes les dades enviades fins que la connexi\u00f3 sigui tancada.<\/p>\n<h3>Propietat intel\u00b7lectual i industrial<\/h3>\n<p>WELOVEWEBS SL per si mateixa o com a cession\u00e0ria, \u00e9s titular de tots els drets de propietat intel\u00b7lectual i industrial de la seva p\u00e0gina web, aix\u00ed com dels elements continguts en la mateixa (a t\u00edtol enunciatiu, imatges, so, \u00e0udio, v\u00eddeo, programari o textos; marques o logotips, combinacions de colors, estructura i disseny, selecci\u00f3 de materials usats, programes d&#8217;ordinador necessaris per al seu funcionament, acc\u00e9s i \u00fas, etc.), titularitat de WELOVEWEBS SL. Seran, per conseg\u00fcent, obres protegides com a propietat intel\u00b7lectual per l&#8217;ordenament jur\u00eddic espanyol, sent-lis aplicables tant la normativa espanyola i comunit\u00e0ria en aquest camp, com els tractats internacionals relatius a la mat\u00e8ria i subscrits per Espanya. Tots els drets reservats. En virtut del que es disposa a la Llei de Propietat Intel\u00b7lectual, queden expressament prohibides la reproducci\u00f3, la distribuci\u00f3 i la comunicaci\u00f3 p\u00fablica, inclosa la seva modalitat de posada a disposici\u00f3, de la totalitat o part dels continguts d&#8217;aquesta p\u00e0gina web, amb finalitats comercials, en qualsevol suport i per qualsevol mitj\u00e0 t\u00e8cnic, sense l&#8217;autoritzaci\u00f3 de WELOVEWEBS SL. L&#8217;usuari es compromet a respectar els drets de Propietat Intel\u00b7lectual i Industrial titularitat de WELOVEWEBS SL. Podr\u00e0 visualitzar els elements del portal i fins i tot imprimir-los, copiar-los i emmagatzemar-los en el disc dur del seu ordinador o en qualsevol altre suport f\u00edsic sempre que sigui, \u00fanica i exclusivament, per al seu \u00fas personal i privat. L&#8217;usuari haur\u00e0 d&#8217;abstenir-se de suprimir, alterar, eludir o manipular qualsevol dispositiu de protecci\u00f3 o sistema de seguretat que estigu\u00e9s instal\u00b7lat en les p\u00e0gines de WELOVEWEBS SL.<\/p>\n<h3>Accions legals, legislaci\u00f3 aplicable i jurisdicci\u00f3<\/h3>\n<p>WELOVEWEBS SL es reserva, aix\u00ed mateix, la facultat de presentar les accions civils o penals que consideri oportunes per la utilitzaci\u00f3 indeguda del seu lloc web i continguts, o per l&#8217;incompliment de les presents condicions. La relaci\u00f3 entre l&#8217;usuari i el prestador es regir\u00e0 per la normativa vigent i d&#8217;aplicaci\u00f3 al territori espanyol. De sorgir qualsevol controv\u00e8rsia les parts podran sotmetre els seus conflictes a arbitratge o acudir a la jurisdicci\u00f3 ordin\u00e0ria complint amb les normes sobre jurisdicci\u00f3 i compet\u00e8ncia sobre aquest tema. WELOVEWEBS SL t\u00e9 el seu domicili a BARCELONA, Espanya.<\/p>\n","protected":false},"excerpt":{"rendered":"<p>En compliment de la Llei 34\/2002, d&#8217;11 de juliol, de Serveis de la Societat de la Informaci\u00f3 i del Comer\u00e7 Electr\u00f2nic (LSSI-CE), WELOVEWEBS SL informa que \u00e9s titular del lloc web www.welovewebs.com. D&#8217;acord amb l&#8217;exig\u00e8ncia de l&#8217;article 10 de la citada Llei, WELOVEWEBS SL informa de les seg\u00fcents dades: El titular d&#8217;aquest lloc web \u00e9s<\/p>\n","protected":false},"author":2,"featured_media":0,"parent":0,"menu_order":0,"comment_status":"closed","ping_status":"closed","template":"","meta":{"_acf_changed":false,"footnotes":""},"class_list":["post-4847","page","type-page","status-publish","hentry"],"acf":[],"yoast_head":"<!-- This site is optimized with the Yoast SEO plugin v24.5 - https:\/\/yoast.com\/wordpress\/plugins\/seo\/ -->\n<title>Av\u00eds Legal i condicions d&#039;\u00fas | WeLoveWebs SL.<\/title>\n<meta name=\"description\" content=\"En compliment de la Llei 34\/2002, d&#039;11 de juliol, de Serveis de la Societat de la informaci\u00f3 y de Comer\u00e7 Electr\u00f2nic (LSSI-CE), WELOVEWEBS SL...\" \/>\n<meta name=\"robots\" content=\"index, follow, max-snippet:-1, max-image-preview:large, max-video-preview:-1\" \/>\n<link rel=\"canonical\" href=\"https:\/\/welovewebs.com\/ca\/avis-legal-i-condicions-dus-2\/\" \/>\n<meta property=\"og:locale\" content=\"ca_ES\" \/>\n<meta property=\"og:type\" content=\"article\" \/>\n<meta property=\"og:title\" content=\"Av\u00eds Legal i condicions d&#039;\u00fas | WeLoveWebs SL.\" \/>\n<meta property=\"og:description\" content=\"En compliment de la Llei 34\/2002, d&#039;11 de juliol, de Serveis de la Societat de la informaci\u00f3 y de Comer\u00e7 Electr\u00f2nic (LSSI-CE), WELOVEWEBS SL...\" \/>\n<meta property=\"og:url\" content=\"https:\/\/welovewebs.com\/ca\/avis-legal-i-condicions-dus-2\/\" \/>\n<meta property=\"og:site_name\" content=\"WeLoveWebs\" \/>\n<meta property=\"article:modified_time\" content=\"2021-01-13T08:34:01+00:00\" \/>\n<meta name=\"twitter:card\" content=\"summary_large_image\" \/>\n<meta name=\"twitter:label1\" content=\"Temps estimat de lectura\" \/>\n\t<meta name=\"twitter:data1\" content=\"6 minuts\" \/>\n<script type=\"application\/ld+json\" class=\"yoast-schema-graph\">{\"@context\":\"https:\/\/schema.org\",\"@graph\":[{\"@type\":\"WebPage\",\"@id\":\"https:\/\/welovewebs.com\/ca\/avis-legal-i-condicions-dus-2\/\",\"url\":\"https:\/\/welovewebs.com\/ca\/avis-legal-i-condicions-dus-2\/\",\"name\":\"Av\u00eds Legal i condicions d'\u00fas | WeLoveWebs SL.\",\"isPartOf\":{\"@id\":\"https:\/\/welovewebs.com\/ca\/#website\"},\"datePublished\":\"2021-01-10T13:17:26+00:00\",\"dateModified\":\"2021-01-13T08:34:01+00:00\",\"description\":\"En compliment de la Llei 34\/2002, d'11 de juliol, de Serveis de la Societat de la informaci\u00f3 y de Comer\u00e7 Electr\u00f2nic (LSSI-CE), WELOVEWEBS SL...\",\"breadcrumb\":{\"@id\":\"https:\/\/welovewebs.com\/ca\/avis-legal-i-condicions-dus-2\/#breadcrumb\"},\"inLanguage\":\"ca\",\"potentialAction\":[{\"@type\":\"ReadAction\",\"target\":[\"https:\/\/welovewebs.com\/ca\/avis-legal-i-condicions-dus-2\/\"]}]},{\"@type\":\"BreadcrumbList\",\"@id\":\"https:\/\/welovewebs.com\/ca\/avis-legal-i-condicions-dus-2\/#breadcrumb\",\"itemListElement\":[{\"@type\":\"ListItem\",\"position\":1,\"name\":\"Portada\",\"item\":\"https:\/\/welovewebs.com\/ca\/\"},{\"@type\":\"ListItem\",\"position\":2,\"name\":\"Av\u00eds Legal i condicions d&#8217;\u00fas\"}]},{\"@type\":\"WebSite\",\"@id\":\"https:\/\/welovewebs.com\/ca\/#website\",\"url\":\"https:\/\/welovewebs.com\/ca\/\",\"name\":\"WeLoveWebs\",\"description\":\"Tu Agencia de Marketing Digital y Desarrollo Web en Barcelona\",\"publisher\":{\"@id\":\"https:\/\/welovewebs.com\/ca\/#organization\"},\"potentialAction\":[{\"@type\":\"SearchAction\",\"target\":{\"@type\":\"EntryPoint\",\"urlTemplate\":\"https:\/\/welovewebs.com\/ca\/?s={search_term_string}\"},\"query-input\":{\"@type\":\"PropertyValueSpecification\",\"valueRequired\":true,\"valueName\":\"search_term_string\"}}],\"inLanguage\":\"ca\"},{\"@type\":\"Organization\",\"@id\":\"https:\/\/welovewebs.com\/ca\/#organization\",\"name\":\"WeLoveWebs SL\",\"url\":\"https:\/\/welovewebs.com\/ca\/\",\"logo\":{\"@type\":\"ImageObject\",\"inLanguage\":\"ca\",\"@id\":\"https:\/\/welovewebs.com\/ca\/#\/schema\/logo\/image\/\",\"url\":\"https:\/\/welovewebs.com\/wp-content\/uploads\/2020\/02\/favicon-1.gif\",\"contentUrl\":\"https:\/\/welovewebs.com\/wp-content\/uploads\/2020\/02\/favicon-1.gif\",\"width\":260,\"height\":260,\"caption\":\"WeLoveWebs SL\"},\"image\":{\"@id\":\"https:\/\/welovewebs.com\/ca\/#\/schema\/logo\/image\/\"}}]}<\/script>\n<!-- \/ Yoast SEO plugin. -->","yoast_head_json":{"title":"Av\u00eds Legal i condicions d'\u00fas | WeLoveWebs SL.","description":"En compliment de la Llei 34\/2002, d'11 de juliol, de Serveis de la Societat de la informaci\u00f3 y de Comer\u00e7 Electr\u00f2nic (LSSI-CE), WELOVEWEBS SL...","robots":{"index":"index","follow":"follow","max-snippet":"max-snippet:-1","max-image-preview":"max-image-preview:large","max-video-preview":"max-video-preview:-1"},"canonical":"https:\/\/welovewebs.com\/ca\/avis-legal-i-condicions-dus-2\/","og_locale":"ca_ES","og_type":"article","og_title":"Av\u00eds Legal i condicions d'\u00fas | WeLoveWebs SL.","og_description":"En compliment de la Llei 34\/2002, d'11 de juliol, de Serveis de la Societat de la informaci\u00f3 y de Comer\u00e7 Electr\u00f2nic (LSSI-CE), WELOVEWEBS SL...","og_url":"https:\/\/welovewebs.com\/ca\/avis-legal-i-condicions-dus-2\/","og_site_name":"WeLoveWebs","article_modified_time":"2021-01-13T08:34:01+00:00","twitter_card":"summary_large_image","twitter_misc":{"Temps estimat de lectura":"6 minuts"},"schema":{"@context":"https:\/\/schema.org","@graph":[{"@type":"WebPage","@id":"https:\/\/welovewebs.com\/ca\/avis-legal-i-condicions-dus-2\/","url":"https:\/\/welovewebs.com\/ca\/avis-legal-i-condicions-dus-2\/","name":"Av\u00eds Legal i condicions d'\u00fas | WeLoveWebs SL.","isPartOf":{"@id":"https:\/\/welovewebs.com\/ca\/#website"},"datePublished":"2021-01-10T13:17:26+00:00","dateModified":"2021-01-13T08:34:01+00:00","description":"En compliment de la Llei 34\/2002, d'11 de juliol, de Serveis de la Societat de la informaci\u00f3 y de Comer\u00e7 Electr\u00f2nic (LSSI-CE), WELOVEWEBS SL...","breadcrumb":{"@id":"https:\/\/welovewebs.com\/ca\/avis-legal-i-condicions-dus-2\/#breadcrumb"},"inLanguage":"ca","potentialAction":[{"@type":"ReadAction","target":["https:\/\/welovewebs.com\/ca\/avis-legal-i-condicions-dus-2\/"]}]},{"@type":"BreadcrumbList","@id":"https:\/\/welovewebs.com\/ca\/avis-legal-i-condicions-dus-2\/#breadcrumb","itemListElement":[{"@type":"ListItem","position":1,"name":"Portada","item":"https:\/\/welovewebs.com\/ca\/"},{"@type":"ListItem","position":2,"name":"Av\u00eds Legal i condicions d&#8217;\u00fas"}]},{"@type":"WebSite","@id":"https:\/\/welovewebs.com\/ca\/#website","url":"https:\/\/welovewebs.com\/ca\/","name":"WeLoveWebs","description":"Tu Agencia de Marketing Digital y Desarrollo Web en Barcelona","publisher":{"@id":"https:\/\/welovewebs.com\/ca\/#organization"},"potentialAction":[{"@type":"SearchAction","target":{"@type":"EntryPoint","urlTemplate":"https:\/\/welovewebs.com\/ca\/?s={search_term_string}"},"query-input":{"@type":"PropertyValueSpecification","valueRequired":true,"valueName":"search_term_string"}}],"inLanguage":"ca"},{"@type":"Organization","@id":"https:\/\/welovewebs.com\/ca\/#organization","name":"WeLoveWebs SL","url":"https:\/\/welovewebs.com\/ca\/","logo":{"@type":"ImageObject","inLanguage":"ca","@id":"https:\/\/welovewebs.com\/ca\/#\/schema\/logo\/image\/","url":"https:\/\/welovewebs.com\/wp-content\/uploads\/2020\/02\/favicon-1.gif","contentUrl":"https:\/\/welovewebs.com\/wp-content\/uploads\/2020\/02\/favicon-1.gif","width":260,"height":260,"caption":"WeLoveWebs SL"},"image":{"@id":"https:\/\/welovewebs.com\/ca\/#\/schema\/logo\/image\/"}}]}},"_links":{"self":[{"href":"https:\/\/welovewebs.com\/ca\/wp-json\/wp\/v2\/pages\/4847","targetHints":{"allow":["GET"]}}],"collection":[{"href":"https:\/\/welovewebs.com\/ca\/wp-json\/wp\/v2\/pages"}],"about":[{"href":"https:\/\/welovewebs.com\/ca\/wp-json\/wp\/v2\/types\/page"}],"author":[{"embeddable":true,"href":"https:\/\/welovewebs.com\/ca\/wp-json\/wp\/v2\/users\/2"}],"replies":[{"embeddable":true,"href":"https:\/\/welovewebs.com\/ca\/wp-json\/wp\/v2\/comments?post=4847"}],"version-history":[{"count":0,"href":"https:\/\/welovewebs.com\/ca\/wp-json\/wp\/v2\/pages\/4847\/revisions"}],"wp:attachment":[{"href":"https:\/\/welovewebs.com\/ca\/wp-json\/wp\/v2\/media?parent=4847"}],"curies":[{"name":"wp","href":"https:\/\/api.w.org\/{rel}","templated":true}]}}