{"id":4863,"date":"2021-01-11T17:29:18","date_gmt":"2021-01-11T16:29:18","guid":{"rendered":"https:\/\/welovewebs.com\/la-agencia\/consultoria-estrategica\/"},"modified":"2021-02-16T15:15:57","modified_gmt":"2021-02-16T14:15:57","slug":"consultoria-estrategica","status":"publish","type":"page","link":"https:\/\/welovewebs.com\/ca\/la-agencia\/consultoria-estrategica\/","title":{"rendered":"Consultoria estrat\u00e8gica"},"content":{"rendered":"<p><span data-sheets-value=\"{&quot;1&quot;:2,&quot;2&quot;:&quot;Una an\u00e0lisi acurada ens permet establir les bases l\u00f2giques de creixement i desenvolupament pel teu Pla de M\u00e0rqueting Digital. \\nT'assessorem en:&quot;}\" data-sheets-userformat=\"{&quot;2&quot;:14783,&quot;3&quot;:{&quot;1&quot;:1},&quot;4&quot;:[null,2,16777215],&quot;5&quot;:{&quot;1&quot;:[{&quot;1&quot;:2,&quot;2&quot;:0,&quot;5&quot;:[null,2,11184810]},{&quot;1&quot;:0,&quot;2&quot;:0,&quot;3&quot;:3},{&quot;1&quot;:1,&quot;2&quot;:0,&quot;4&quot;:1}]},&quot;6&quot;:{&quot;1&quot;:[{&quot;1&quot;:2,&quot;2&quot;:0,&quot;5&quot;:[null,2,11184810]},{&quot;1&quot;:0,&quot;2&quot;:0,&quot;3&quot;:3},{&quot;1&quot;:1,&quot;2&quot;:0,&quot;4&quot;:1}]},&quot;7&quot;:{&quot;1&quot;:[{&quot;1&quot;:2,&quot;2&quot;:0,&quot;5&quot;:[null,2,11184810]},{&quot;1&quot;:0,&quot;2&quot;:0,&quot;3&quot;:3},{&quot;1&quot;:1,&quot;2&quot;:0,&quot;4&quot;:1}]},&quot;8&quot;:{&quot;1&quot;:[{&quot;1&quot;:2,&quot;2&quot;:0,&quot;5&quot;:[null,2,11184810]},{&quot;1&quot;:0,&quot;2&quot;:0,&quot;3&quot;:3},{&quot;1&quot;:1,&quot;2&quot;:0,&quot;4&quot;:1}]},&quot;10&quot;:0,&quot;11&quot;:4,&quot;14&quot;:[null,2,0],&quot;15&quot;:&quot;Calibri&quot;,&quot;16&quot;:11}\">Aquesta an\u00e0lisi ens permet establir les bases l\u00f2giques de creixement i desenvolupament per al teu Pla de M\u00e0rqueting Digital. T&#8217;assessorem en:<\/span><\/p>\n<ul>\n<li>Els teus objectius de negoci<\/li>\n<li>El teu mercat i els teus competidors<\/li>\n<li>L&#8217;estrat\u00e8gia multicanal m\u00e9s adequada<\/li>\n<li>La inversi\u00f3 que necessita el teu projecte<\/li>\n<\/ul>\n<p>I per a aix\u00f2 comptem amb el <a href=\"http:\/\/welovewebs.com\/agencia-marketing-online-barcelona\/equip-empresa\/\">millor equip<\/a>.<\/p>\n","protected":false},"excerpt":{"rendered":"<p>Aquesta an\u00e0lisi ens permet establir les bases l\u00f2giques de creixement i desenvolupament per al teu Pla de M\u00e0rqueting Digital. T&#8217;assessorem en: Els teus objectius de negoci El teu mercat i els teus competidors L&#8217;estrat\u00e8gia multicanal m\u00e9s adequada La inversi\u00f3 que necessita el teu projecte I per a aix\u00f2 comptem amb el millor equip.<\/p>\n","protected":false},"author":2,"featured_media":3684,"parent":4837,"menu_order":0,"comment_status":"closed","ping_status":"closed","template":"page-templates\/la-agencia.php","meta":{"_acf_changed":false,"footnotes":""},"class_list":["post-4863","page","type-page","status-publish","has-post-thumbnail","hentry"],"acf":[],"yoast_head":"<!-- This site is optimized with the Yoast SEO plugin v24.5 - https:\/\/yoast.com\/wordpress\/plugins\/seo\/ -->\n<title>Consultoria estrat\u00e8gica | La teva ag\u00e8ncia de m\u00e0rqueting digital a Barcelona | WeLoveWebs<\/title>\n<meta name=\"description\" content=\"Desenvolupem l&#039;Estrat\u00e8gia de M\u00e0rqueting Digital que necessita la teva empresa. T&#039;ajudarem a aconseguir major quota de mercat i notorietat. Parlem?\" \/>\n<meta name=\"robots\" content=\"index, follow, max-snippet:-1, max-image-preview:large, max-video-preview:-1\" \/>\n<link rel=\"canonical\" href=\"https:\/\/welovewebs.com\/ca\/la-agencia\/consultoria-estrategica\/\" \/>\n<meta property=\"og:locale\" content=\"ca_ES\" \/>\n<meta property=\"og:type\" content=\"article\" \/>\n<meta property=\"og:title\" content=\"Consultoria estrat\u00e8gica | La teva ag\u00e8ncia de m\u00e0rqueting digital a Barcelona | WeLoveWebs\" \/>\n<meta property=\"og:description\" content=\"Desenvolupem l&#039;Estrat\u00e8gia de M\u00e0rqueting Digital que necessita la teva empresa. T&#039;ajudarem a aconseguir major quota de mercat i notorietat. Parlem?\" \/>\n<meta property=\"og:url\" content=\"https:\/\/welovewebs.com\/ca\/la-agencia\/consultoria-estrategica\/\" \/>\n<meta property=\"og:site_name\" content=\"WeLoveWebs\" \/>\n<meta property=\"article:modified_time\" content=\"2021-02-16T14:15:57+00:00\" \/>\n<meta property=\"og:image\" content=\"https:\/\/welovewebs.com\/wp-content\/uploads\/2019\/12\/welovewebs-oficinas-barcelona-004-1.jpg\" \/>\n\t<meta property=\"og:image:width\" content=\"683\" \/>\n\t<meta property=\"og:image:height\" content=\"651\" \/>\n\t<meta property=\"og:image:type\" content=\"image\/jpeg\" \/>\n<meta name=\"twitter:card\" content=\"summary_large_image\" \/>\n<script type=\"application\/ld+json\" class=\"yoast-schema-graph\">{\"@context\":\"https:\/\/schema.org\",\"@graph\":[{\"@type\":\"WebPage\",\"@id\":\"https:\/\/welovewebs.com\/ca\/la-agencia\/consultoria-estrategica\/\",\"url\":\"https:\/\/welovewebs.com\/ca\/la-agencia\/consultoria-estrategica\/\",\"name\":\"Consultoria estrat\u00e8gica | La teva ag\u00e8ncia de m\u00e0rqueting digital a Barcelona | WeLoveWebs\",\"isPartOf\":{\"@id\":\"https:\/\/welovewebs.com\/ca\/#website\"},\"primaryImageOfPage\":{\"@id\":\"https:\/\/welovewebs.com\/ca\/la-agencia\/consultoria-estrategica\/#primaryimage\"},\"image\":{\"@id\":\"https:\/\/welovewebs.com\/ca\/la-agencia\/consultoria-estrategica\/#primaryimage\"},\"thumbnailUrl\":\"https:\/\/welovewebs.com\/wp-content\/uploads\/2019\/12\/welovewebs-oficinas-barcelona-004-1.jpg\",\"datePublished\":\"2021-01-11T16:29:18+00:00\",\"dateModified\":\"2021-02-16T14:15:57+00:00\",\"description\":\"Desenvolupem l'Estrat\u00e8gia de M\u00e0rqueting Digital que necessita la teva empresa. T'ajudarem a aconseguir major quota de mercat i notorietat. Parlem?\",\"breadcrumb\":{\"@id\":\"https:\/\/welovewebs.com\/ca\/la-agencia\/consultoria-estrategica\/#breadcrumb\"},\"inLanguage\":\"ca\",\"potentialAction\":[{\"@type\":\"ReadAction\",\"target\":[\"https:\/\/welovewebs.com\/ca\/la-agencia\/consultoria-estrategica\/\"]}]},{\"@type\":\"ImageObject\",\"inLanguage\":\"ca\",\"@id\":\"https:\/\/welovewebs.com\/ca\/la-agencia\/consultoria-estrategica\/#primaryimage\",\"url\":\"https:\/\/welovewebs.com\/wp-content\/uploads\/2019\/12\/welovewebs-oficinas-barcelona-004-1.jpg\",\"contentUrl\":\"https:\/\/welovewebs.com\/wp-content\/uploads\/2019\/12\/welovewebs-oficinas-barcelona-004-1.jpg\",\"width\":683,\"height\":651,\"caption\":\"WeLoveWebs, Consultor\u00eda Estrat\u00e9gica de Marketing Digital\"},{\"@type\":\"BreadcrumbList\",\"@id\":\"https:\/\/welovewebs.com\/ca\/la-agencia\/consultoria-estrategica\/#breadcrumb\",\"itemListElement\":[{\"@type\":\"ListItem\",\"position\":1,\"name\":\"Portada\",\"item\":\"https:\/\/welovewebs.com\/ca\/\"},{\"@type\":\"ListItem\",\"position\":2,\"name\":\"L&#8217;ag\u00e8ncia\",\"item\":\"https:\/\/welovewebs.com\/ca\/agencia-marketing-online-barcelona\/\"},{\"@type\":\"ListItem\",\"position\":3,\"name\":\"Consultoria estrat\u00e8gica\"}]},{\"@type\":\"WebSite\",\"@id\":\"https:\/\/welovewebs.com\/ca\/#website\",\"url\":\"https:\/\/welovewebs.com\/ca\/\",\"name\":\"WeLoveWebs\",\"description\":\"Tu Agencia de Marketing Digital y Desarrollo Web en Barcelona\",\"publisher\":{\"@id\":\"https:\/\/welovewebs.com\/ca\/#organization\"},\"potentialAction\":[{\"@type\":\"SearchAction\",\"target\":{\"@type\":\"EntryPoint\",\"urlTemplate\":\"https:\/\/welovewebs.com\/ca\/?s={search_term_string}\"},\"query-input\":{\"@type\":\"PropertyValueSpecification\",\"valueRequired\":true,\"valueName\":\"search_term_string\"}}],\"inLanguage\":\"ca\"},{\"@type\":\"Organization\",\"@id\":\"https:\/\/welovewebs.com\/ca\/#organization\",\"name\":\"WeLoveWebs SL\",\"url\":\"https:\/\/welovewebs.com\/ca\/\",\"logo\":{\"@type\":\"ImageObject\",\"inLanguage\":\"ca\",\"@id\":\"https:\/\/welovewebs.com\/ca\/#\/schema\/logo\/image\/\",\"url\":\"https:\/\/welovewebs.com\/wp-content\/uploads\/2020\/02\/favicon-1.gif\",\"contentUrl\":\"https:\/\/welovewebs.com\/wp-content\/uploads\/2020\/02\/favicon-1.gif\",\"width\":260,\"height\":260,\"caption\":\"WeLoveWebs SL\"},\"image\":{\"@id\":\"https:\/\/welovewebs.com\/ca\/#\/schema\/logo\/image\/\"}}]}<\/script>\n<!-- \/ Yoast SEO plugin. -->","yoast_head_json":{"title":"Consultoria estrat\u00e8gica | La teva ag\u00e8ncia de m\u00e0rqueting digital a Barcelona | WeLoveWebs","description":"Desenvolupem l'Estrat\u00e8gia de M\u00e0rqueting Digital que necessita la teva empresa. T'ajudarem a aconseguir major quota de mercat i notorietat. Parlem?","robots":{"index":"index","follow":"follow","max-snippet":"max-snippet:-1","max-image-preview":"max-image-preview:large","max-video-preview":"max-video-preview:-1"},"canonical":"https:\/\/welovewebs.com\/ca\/la-agencia\/consultoria-estrategica\/","og_locale":"ca_ES","og_type":"article","og_title":"Consultoria estrat\u00e8gica | La teva ag\u00e8ncia de m\u00e0rqueting digital a Barcelona | WeLoveWebs","og_description":"Desenvolupem l'Estrat\u00e8gia de M\u00e0rqueting Digital que necessita la teva empresa. T'ajudarem a aconseguir major quota de mercat i notorietat. Parlem?","og_url":"https:\/\/welovewebs.com\/ca\/la-agencia\/consultoria-estrategica\/","og_site_name":"WeLoveWebs","article_modified_time":"2021-02-16T14:15:57+00:00","og_image":[{"width":683,"height":651,"url":"https:\/\/welovewebs.com\/wp-content\/uploads\/2019\/12\/welovewebs-oficinas-barcelona-004-1.jpg","type":"image\/jpeg"}],"twitter_card":"summary_large_image","schema":{"@context":"https:\/\/schema.org","@graph":[{"@type":"WebPage","@id":"https:\/\/welovewebs.com\/ca\/la-agencia\/consultoria-estrategica\/","url":"https:\/\/welovewebs.com\/ca\/la-agencia\/consultoria-estrategica\/","name":"Consultoria estrat\u00e8gica | La teva ag\u00e8ncia de m\u00e0rqueting digital a Barcelona | WeLoveWebs","isPartOf":{"@id":"https:\/\/welovewebs.com\/ca\/#website"},"primaryImageOfPage":{"@id":"https:\/\/welovewebs.com\/ca\/la-agencia\/consultoria-estrategica\/#primaryimage"},"image":{"@id":"https:\/\/welovewebs.com\/ca\/la-agencia\/consultoria-estrategica\/#primaryimage"},"thumbnailUrl":"https:\/\/welovewebs.com\/wp-content\/uploads\/2019\/12\/welovewebs-oficinas-barcelona-004-1.jpg","datePublished":"2021-01-11T16:29:18+00:00","dateModified":"2021-02-16T14:15:57+00:00","description":"Desenvolupem l'Estrat\u00e8gia de M\u00e0rqueting Digital que necessita la teva empresa. T'ajudarem a aconseguir major quota de mercat i notorietat. Parlem?","breadcrumb":{"@id":"https:\/\/welovewebs.com\/ca\/la-agencia\/consultoria-estrategica\/#breadcrumb"},"inLanguage":"ca","potentialAction":[{"@type":"ReadAction","target":["https:\/\/welovewebs.com\/ca\/la-agencia\/consultoria-estrategica\/"]}]},{"@type":"ImageObject","inLanguage":"ca","@id":"https:\/\/welovewebs.com\/ca\/la-agencia\/consultoria-estrategica\/#primaryimage","url":"https:\/\/welovewebs.com\/wp-content\/uploads\/2019\/12\/welovewebs-oficinas-barcelona-004-1.jpg","contentUrl":"https:\/\/welovewebs.com\/wp-content\/uploads\/2019\/12\/welovewebs-oficinas-barcelona-004-1.jpg","width":683,"height":651,"caption":"WeLoveWebs, Consultor\u00eda Estrat\u00e9gica de Marketing Digital"},{"@type":"BreadcrumbList","@id":"https:\/\/welovewebs.com\/ca\/la-agencia\/consultoria-estrategica\/#breadcrumb","itemListElement":[{"@type":"ListItem","position":1,"name":"Portada","item":"https:\/\/welovewebs.com\/ca\/"},{"@type":"ListItem","position":2,"name":"L&#8217;ag\u00e8ncia","item":"https:\/\/welovewebs.com\/ca\/agencia-marketing-online-barcelona\/"},{"@type":"ListItem","position":3,"name":"Consultoria estrat\u00e8gica"}]},{"@type":"WebSite","@id":"https:\/\/welovewebs.com\/ca\/#website","url":"https:\/\/welovewebs.com\/ca\/","name":"WeLoveWebs","description":"Tu Agencia de Marketing Digital y Desarrollo Web en Barcelona","publisher":{"@id":"https:\/\/welovewebs.com\/ca\/#organization"},"potentialAction":[{"@type":"SearchAction","target":{"@type":"EntryPoint","urlTemplate":"https:\/\/welovewebs.com\/ca\/?s={search_term_string}"},"query-input":{"@type":"PropertyValueSpecification","valueRequired":true,"valueName":"search_term_string"}}],"inLanguage":"ca"},{"@type":"Organization","@id":"https:\/\/welovewebs.com\/ca\/#organization","name":"WeLoveWebs SL","url":"https:\/\/welovewebs.com\/ca\/","logo":{"@type":"ImageObject","inLanguage":"ca","@id":"https:\/\/welovewebs.com\/ca\/#\/schema\/logo\/image\/","url":"https:\/\/welovewebs.com\/wp-content\/uploads\/2020\/02\/favicon-1.gif","contentUrl":"https:\/\/welovewebs.com\/wp-content\/uploads\/2020\/02\/favicon-1.gif","width":260,"height":260,"caption":"WeLoveWebs SL"},"image":{"@id":"https:\/\/welovewebs.com\/ca\/#\/schema\/logo\/image\/"}}]}},"_links":{"self":[{"href":"https:\/\/welovewebs.com\/ca\/wp-json\/wp\/v2\/pages\/4863","targetHints":{"allow":["GET"]}}],"collection":[{"href":"https:\/\/welovewebs.com\/ca\/wp-json\/wp\/v2\/pages"}],"about":[{"href":"https:\/\/welovewebs.com\/ca\/wp-json\/wp\/v2\/types\/page"}],"author":[{"embeddable":true,"href":"https:\/\/welovewebs.com\/ca\/wp-json\/wp\/v2\/users\/2"}],"replies":[{"embeddable":true,"href":"https:\/\/welovewebs.com\/ca\/wp-json\/wp\/v2\/comments?post=4863"}],"version-history":[{"count":0,"href":"https:\/\/welovewebs.com\/ca\/wp-json\/wp\/v2\/pages\/4863\/revisions"}],"up":[{"embeddable":true,"href":"https:\/\/welovewebs.com\/ca\/wp-json\/wp\/v2\/pages\/4837"}],"wp:featuredmedia":[{"embeddable":true,"href":"https:\/\/welovewebs.com\/ca\/wp-json\/wp\/v2\/media\/3684"}],"wp:attachment":[{"href":"https:\/\/welovewebs.com\/ca\/wp-json\/wp\/v2\/media?parent=4863"}],"curies":[{"name":"wp","href":"https:\/\/api.w.org\/{rel}","templated":true}]}}