{"id":4867,"date":"2021-01-11T17:36:01","date_gmt":"2021-01-11T16:36:01","guid":{"rendered":"https:\/\/welovewebs.com\/la-agencia\/equip-multidisciplinar\/"},"modified":"2021-01-12T13:13:56","modified_gmt":"2021-01-12T12:13:56","slug":"equip-multidisciplinar","status":"publish","type":"page","link":"https:\/\/welovewebs.com\/ca\/la-agencia\/equip-multidisciplinar\/","title":{"rendered":"Equip multidisciplinar"},"content":{"rendered":"<p>&#8220;Quins s\u00f3n els ingredients per a aconseguir un equip guanyador?<br \/>\nLa comunicaci\u00f3 interna i la proactivitat<br \/>\nLa coordinaci\u00f3 en la gesti\u00f3 dels projectes<br \/>\nUn enfocament anal\u00edtic des d&#8217;una perspectiva global<\/p>\n<p>Aix\u00ed hem desenvolupat la nostra cartera de <a href=\"http:\/\/welovewebs.com\/serveis\/\">serveis de m\u00e0rqueting digital<\/a> amb absoluta seguretat i confian\u00e7a.&#8221;<\/p>\n","protected":false},"excerpt":{"rendered":"<p>&#8220;Quins s\u00f3n els ingredients per a aconseguir un equip guanyador? La comunicaci\u00f3 interna i la proactivitat La coordinaci\u00f3 en la gesti\u00f3 dels projectes Un enfocament anal\u00edtic des d&#8217;una perspectiva global Aix\u00ed hem desenvolupat la nostra cartera de serveis de m\u00e0rqueting digital amb absoluta seguretat i confian\u00e7a.&#8221;<\/p>\n","protected":false},"author":2,"featured_media":3697,"parent":4837,"menu_order":0,"comment_status":"closed","ping_status":"closed","template":"page-templates\/la-agencia.php","meta":{"_acf_changed":false,"footnotes":""},"class_list":["post-4867","page","type-page","status-publish","has-post-thumbnail","hentry"],"acf":[],"yoast_head":"<!-- This site is optimized with the Yoast SEO plugin v24.5 - https:\/\/yoast.com\/wordpress\/plugins\/seo\/ -->\n<title>Equip Multidisciplinar | La teva ag\u00e8ncia de m\u00e0rqueting digital a Barcelona | WeLoveWebs<\/title>\n<meta name=\"description\" content=\"Necessites una Empresa de M\u00e0rqueting Online a Barcelona per a llan\u00e7ar el teu projecte? En WeLoveWebs no et vendrem res que no necessitis. Contacta ara!\" \/>\n<meta name=\"robots\" content=\"index, follow, max-snippet:-1, max-image-preview:large, max-video-preview:-1\" \/>\n<link rel=\"canonical\" href=\"https:\/\/welovewebs.com\/ca\/la-agencia\/equip-multidisciplinar\/\" \/>\n<meta property=\"og:locale\" content=\"ca_ES\" \/>\n<meta property=\"og:type\" content=\"article\" \/>\n<meta property=\"og:title\" content=\"Equip Multidisciplinar | La teva ag\u00e8ncia de m\u00e0rqueting digital a Barcelona | WeLoveWebs\" \/>\n<meta property=\"og:description\" content=\"Necessites una Empresa de M\u00e0rqueting Online a Barcelona per a llan\u00e7ar el teu projecte? En WeLoveWebs no et vendrem res que no necessitis. Contacta ara!\" \/>\n<meta property=\"og:url\" content=\"https:\/\/welovewebs.com\/ca\/la-agencia\/equip-multidisciplinar\/\" \/>\n<meta property=\"og:site_name\" content=\"WeLoveWebs\" \/>\n<meta property=\"article:modified_time\" content=\"2021-01-12T12:13:56+00:00\" \/>\n<meta property=\"og:image\" content=\"https:\/\/welovewebs.com\/wp-content\/uploads\/2019\/12\/welovewebs-oficinas-barcelona-006-1.jpg\" \/>\n\t<meta property=\"og:image:width\" content=\"640\" \/>\n\t<meta property=\"og:image:height\" content=\"538\" \/>\n\t<meta property=\"og:image:type\" content=\"image\/jpeg\" \/>\n<meta name=\"twitter:card\" content=\"summary_large_image\" \/>\n<script type=\"application\/ld+json\" class=\"yoast-schema-graph\">{\"@context\":\"https:\/\/schema.org\",\"@graph\":[{\"@type\":\"WebPage\",\"@id\":\"https:\/\/welovewebs.com\/ca\/la-agencia\/equip-multidisciplinar\/\",\"url\":\"https:\/\/welovewebs.com\/ca\/la-agencia\/equip-multidisciplinar\/\",\"name\":\"Equip Multidisciplinar | La teva ag\u00e8ncia de m\u00e0rqueting digital a Barcelona | WeLoveWebs\",\"isPartOf\":{\"@id\":\"https:\/\/welovewebs.com\/ca\/#website\"},\"primaryImageOfPage\":{\"@id\":\"https:\/\/welovewebs.com\/ca\/la-agencia\/equip-multidisciplinar\/#primaryimage\"},\"image\":{\"@id\":\"https:\/\/welovewebs.com\/ca\/la-agencia\/equip-multidisciplinar\/#primaryimage\"},\"thumbnailUrl\":\"https:\/\/welovewebs.com\/wp-content\/uploads\/2019\/12\/welovewebs-oficinas-barcelona-006-1.jpg\",\"datePublished\":\"2021-01-11T16:36:01+00:00\",\"dateModified\":\"2021-01-12T12:13:56+00:00\",\"description\":\"Necessites una Empresa de M\u00e0rqueting Online a Barcelona per a llan\u00e7ar el teu projecte? En WeLoveWebs no et vendrem res que no necessitis. Contacta ara!\",\"breadcrumb\":{\"@id\":\"https:\/\/welovewebs.com\/ca\/la-agencia\/equip-multidisciplinar\/#breadcrumb\"},\"inLanguage\":\"ca\",\"potentialAction\":[{\"@type\":\"ReadAction\",\"target\":[\"https:\/\/welovewebs.com\/ca\/la-agencia\/equip-multidisciplinar\/\"]}]},{\"@type\":\"ImageObject\",\"inLanguage\":\"ca\",\"@id\":\"https:\/\/welovewebs.com\/ca\/la-agencia\/equip-multidisciplinar\/#primaryimage\",\"url\":\"https:\/\/welovewebs.com\/wp-content\/uploads\/2019\/12\/welovewebs-oficinas-barcelona-006-1.jpg\",\"contentUrl\":\"https:\/\/welovewebs.com\/wp-content\/uploads\/2019\/12\/welovewebs-oficinas-barcelona-006-1.jpg\",\"width\":640,\"height\":538,\"caption\":\"WeLoveWebs, tu Empresa de Marketing Online en Barcelona\"},{\"@type\":\"BreadcrumbList\",\"@id\":\"https:\/\/welovewebs.com\/ca\/la-agencia\/equip-multidisciplinar\/#breadcrumb\",\"itemListElement\":[{\"@type\":\"ListItem\",\"position\":1,\"name\":\"Portada\",\"item\":\"https:\/\/welovewebs.com\/ca\/\"},{\"@type\":\"ListItem\",\"position\":2,\"name\":\"L&#8217;ag\u00e8ncia\",\"item\":\"https:\/\/welovewebs.com\/ca\/agencia-marketing-online-barcelona\/\"},{\"@type\":\"ListItem\",\"position\":3,\"name\":\"Equip multidisciplinar\"}]},{\"@type\":\"WebSite\",\"@id\":\"https:\/\/welovewebs.com\/ca\/#website\",\"url\":\"https:\/\/welovewebs.com\/ca\/\",\"name\":\"WeLoveWebs\",\"description\":\"Tu Agencia de Marketing Digital y Desarrollo Web en Barcelona\",\"publisher\":{\"@id\":\"https:\/\/welovewebs.com\/ca\/#organization\"},\"potentialAction\":[{\"@type\":\"SearchAction\",\"target\":{\"@type\":\"EntryPoint\",\"urlTemplate\":\"https:\/\/welovewebs.com\/ca\/?s={search_term_string}\"},\"query-input\":{\"@type\":\"PropertyValueSpecification\",\"valueRequired\":true,\"valueName\":\"search_term_string\"}}],\"inLanguage\":\"ca\"},{\"@type\":\"Organization\",\"@id\":\"https:\/\/welovewebs.com\/ca\/#organization\",\"name\":\"WeLoveWebs SL\",\"url\":\"https:\/\/welovewebs.com\/ca\/\",\"logo\":{\"@type\":\"ImageObject\",\"inLanguage\":\"ca\",\"@id\":\"https:\/\/welovewebs.com\/ca\/#\/schema\/logo\/image\/\",\"url\":\"https:\/\/welovewebs.com\/wp-content\/uploads\/2020\/02\/favicon-1.gif\",\"contentUrl\":\"https:\/\/welovewebs.com\/wp-content\/uploads\/2020\/02\/favicon-1.gif\",\"width\":260,\"height\":260,\"caption\":\"WeLoveWebs SL\"},\"image\":{\"@id\":\"https:\/\/welovewebs.com\/ca\/#\/schema\/logo\/image\/\"}}]}<\/script>\n<!-- \/ Yoast SEO plugin. -->","yoast_head_json":{"title":"Equip Multidisciplinar | La teva ag\u00e8ncia de m\u00e0rqueting digital a Barcelona | WeLoveWebs","description":"Necessites una Empresa de M\u00e0rqueting Online a Barcelona per a llan\u00e7ar el teu projecte? En WeLoveWebs no et vendrem res que no necessitis. Contacta ara!","robots":{"index":"index","follow":"follow","max-snippet":"max-snippet:-1","max-image-preview":"max-image-preview:large","max-video-preview":"max-video-preview:-1"},"canonical":"https:\/\/welovewebs.com\/ca\/la-agencia\/equip-multidisciplinar\/","og_locale":"ca_ES","og_type":"article","og_title":"Equip Multidisciplinar | La teva ag\u00e8ncia de m\u00e0rqueting digital a Barcelona | WeLoveWebs","og_description":"Necessites una Empresa de M\u00e0rqueting Online a Barcelona per a llan\u00e7ar el teu projecte? En WeLoveWebs no et vendrem res que no necessitis. Contacta ara!","og_url":"https:\/\/welovewebs.com\/ca\/la-agencia\/equip-multidisciplinar\/","og_site_name":"WeLoveWebs","article_modified_time":"2021-01-12T12:13:56+00:00","og_image":[{"width":640,"height":538,"url":"https:\/\/welovewebs.com\/wp-content\/uploads\/2019\/12\/welovewebs-oficinas-barcelona-006-1.jpg","type":"image\/jpeg"}],"twitter_card":"summary_large_image","schema":{"@context":"https:\/\/schema.org","@graph":[{"@type":"WebPage","@id":"https:\/\/welovewebs.com\/ca\/la-agencia\/equip-multidisciplinar\/","url":"https:\/\/welovewebs.com\/ca\/la-agencia\/equip-multidisciplinar\/","name":"Equip Multidisciplinar | La teva ag\u00e8ncia de m\u00e0rqueting digital a Barcelona | WeLoveWebs","isPartOf":{"@id":"https:\/\/welovewebs.com\/ca\/#website"},"primaryImageOfPage":{"@id":"https:\/\/welovewebs.com\/ca\/la-agencia\/equip-multidisciplinar\/#primaryimage"},"image":{"@id":"https:\/\/welovewebs.com\/ca\/la-agencia\/equip-multidisciplinar\/#primaryimage"},"thumbnailUrl":"https:\/\/welovewebs.com\/wp-content\/uploads\/2019\/12\/welovewebs-oficinas-barcelona-006-1.jpg","datePublished":"2021-01-11T16:36:01+00:00","dateModified":"2021-01-12T12:13:56+00:00","description":"Necessites una Empresa de M\u00e0rqueting Online a Barcelona per a llan\u00e7ar el teu projecte? En WeLoveWebs no et vendrem res que no necessitis. Contacta ara!","breadcrumb":{"@id":"https:\/\/welovewebs.com\/ca\/la-agencia\/equip-multidisciplinar\/#breadcrumb"},"inLanguage":"ca","potentialAction":[{"@type":"ReadAction","target":["https:\/\/welovewebs.com\/ca\/la-agencia\/equip-multidisciplinar\/"]}]},{"@type":"ImageObject","inLanguage":"ca","@id":"https:\/\/welovewebs.com\/ca\/la-agencia\/equip-multidisciplinar\/#primaryimage","url":"https:\/\/welovewebs.com\/wp-content\/uploads\/2019\/12\/welovewebs-oficinas-barcelona-006-1.jpg","contentUrl":"https:\/\/welovewebs.com\/wp-content\/uploads\/2019\/12\/welovewebs-oficinas-barcelona-006-1.jpg","width":640,"height":538,"caption":"WeLoveWebs, tu Empresa de Marketing Online en Barcelona"},{"@type":"BreadcrumbList","@id":"https:\/\/welovewebs.com\/ca\/la-agencia\/equip-multidisciplinar\/#breadcrumb","itemListElement":[{"@type":"ListItem","position":1,"name":"Portada","item":"https:\/\/welovewebs.com\/ca\/"},{"@type":"ListItem","position":2,"name":"L&#8217;ag\u00e8ncia","item":"https:\/\/welovewebs.com\/ca\/agencia-marketing-online-barcelona\/"},{"@type":"ListItem","position":3,"name":"Equip multidisciplinar"}]},{"@type":"WebSite","@id":"https:\/\/welovewebs.com\/ca\/#website","url":"https:\/\/welovewebs.com\/ca\/","name":"WeLoveWebs","description":"Tu Agencia de Marketing Digital y Desarrollo Web en Barcelona","publisher":{"@id":"https:\/\/welovewebs.com\/ca\/#organization"},"potentialAction":[{"@type":"SearchAction","target":{"@type":"EntryPoint","urlTemplate":"https:\/\/welovewebs.com\/ca\/?s={search_term_string}"},"query-input":{"@type":"PropertyValueSpecification","valueRequired":true,"valueName":"search_term_string"}}],"inLanguage":"ca"},{"@type":"Organization","@id":"https:\/\/welovewebs.com\/ca\/#organization","name":"WeLoveWebs SL","url":"https:\/\/welovewebs.com\/ca\/","logo":{"@type":"ImageObject","inLanguage":"ca","@id":"https:\/\/welovewebs.com\/ca\/#\/schema\/logo\/image\/","url":"https:\/\/welovewebs.com\/wp-content\/uploads\/2020\/02\/favicon-1.gif","contentUrl":"https:\/\/welovewebs.com\/wp-content\/uploads\/2020\/02\/favicon-1.gif","width":260,"height":260,"caption":"WeLoveWebs SL"},"image":{"@id":"https:\/\/welovewebs.com\/ca\/#\/schema\/logo\/image\/"}}]}},"_links":{"self":[{"href":"https:\/\/welovewebs.com\/ca\/wp-json\/wp\/v2\/pages\/4867","targetHints":{"allow":["GET"]}}],"collection":[{"href":"https:\/\/welovewebs.com\/ca\/wp-json\/wp\/v2\/pages"}],"about":[{"href":"https:\/\/welovewebs.com\/ca\/wp-json\/wp\/v2\/types\/page"}],"author":[{"embeddable":true,"href":"https:\/\/welovewebs.com\/ca\/wp-json\/wp\/v2\/users\/2"}],"replies":[{"embeddable":true,"href":"https:\/\/welovewebs.com\/ca\/wp-json\/wp\/v2\/comments?post=4867"}],"version-history":[{"count":0,"href":"https:\/\/welovewebs.com\/ca\/wp-json\/wp\/v2\/pages\/4867\/revisions"}],"up":[{"embeddable":true,"href":"https:\/\/welovewebs.com\/ca\/wp-json\/wp\/v2\/pages\/4837"}],"wp:featuredmedia":[{"embeddable":true,"href":"https:\/\/welovewebs.com\/ca\/wp-json\/wp\/v2\/media\/3697"}],"wp:attachment":[{"href":"https:\/\/welovewebs.com\/ca\/wp-json\/wp\/v2\/media?parent=4867"}],"curies":[{"name":"wp","href":"https:\/\/api.w.org\/{rel}","templated":true}]}}