{"id":4871,"date":"2021-01-11T17:40:34","date_gmt":"2021-01-11T16:40:34","guid":{"rendered":"https:\/\/welovewebs.com\/formacio\/"},"modified":"2021-02-16T11:08:50","modified_gmt":"2021-02-16T10:08:50","slug":"formacio","status":"publish","type":"page","link":"https:\/\/welovewebs.com\/ca\/formacio\/","title":{"rendered":"Formaci\u00f3"},"content":{"rendered":"<p>Per qu\u00e8 destaquen els nostres Cursos de M\u00e0rqueting Digital per a empreses?<\/p>\n<ul class=\"wlw-list bigger-text\">\n<li>Cursos 100% pr\u00e0ctics i intensius<\/li>\n<li>Horaris flexibles<\/li>\n<li>Temaris a mida de les necessitats<\/li>\n<\/ul>\n","protected":false},"excerpt":{"rendered":"<p>Per qu\u00e8 destaquen els nostres Cursos de M\u00e0rqueting Digital per a empreses? Cursos 100% pr\u00e0ctics i intensius Horaris flexibles Temaris a mida de les necessitats<\/p>\n","protected":false},"author":2,"featured_media":3761,"parent":0,"menu_order":0,"comment_status":"closed","ping_status":"closed","template":"page-templates\/formacion.php","meta":{"_acf_changed":false,"footnotes":""},"class_list":["post-4871","page","type-page","status-publish","has-post-thumbnail","hentry"],"acf":[],"yoast_head":"<!-- This site is optimized with the Yoast SEO plugin v24.5 - https:\/\/yoast.com\/wordpress\/plugins\/seo\/ -->\n<title>Formaci\u00f3 | La teva ag\u00e8ncia de m\u00e0rqueting digital a Barcelona | WeLoveWebs<\/title>\n<meta name=\"description\" content=\"A WeLoveWebs oferim Cursos espec\u00edfics de M\u00e0rqueting Digital per a Empreses i Professionals. Som especialistes en processos de Transformaci\u00f3 Digital.\" \/>\n<meta name=\"robots\" content=\"index, follow, max-snippet:-1, max-image-preview:large, max-video-preview:-1\" \/>\n<link rel=\"canonical\" href=\"https:\/\/welovewebs.com\/ca\/formacio\/\" \/>\n<meta property=\"og:locale\" content=\"ca_ES\" \/>\n<meta property=\"og:type\" content=\"article\" \/>\n<meta property=\"og:title\" content=\"Formaci\u00f3 | La teva ag\u00e8ncia de m\u00e0rqueting digital a Barcelona | WeLoveWebs\" \/>\n<meta property=\"og:description\" content=\"A WeLoveWebs oferim Cursos espec\u00edfics de M\u00e0rqueting Digital per a Empreses i Professionals. Som especialistes en processos de Transformaci\u00f3 Digital.\" \/>\n<meta property=\"og:url\" content=\"https:\/\/welovewebs.com\/ca\/formacio\/\" \/>\n<meta property=\"og:site_name\" content=\"WeLoveWebs\" \/>\n<meta property=\"article:modified_time\" content=\"2021-02-16T10:08:50+00:00\" \/>\n<meta property=\"og:image\" content=\"https:\/\/welovewebs.com\/wp-content\/uploads\/2019\/12\/welovewebs-formacion-marketing-digital-barcelona.jpg\" \/>\n\t<meta property=\"og:image:width\" content=\"640\" \/>\n\t<meta property=\"og:image:height\" content=\"538\" \/>\n\t<meta property=\"og:image:type\" content=\"image\/jpeg\" \/>\n<meta name=\"twitter:card\" content=\"summary_large_image\" \/>\n<script type=\"application\/ld+json\" class=\"yoast-schema-graph\">{\"@context\":\"https:\/\/schema.org\",\"@graph\":[{\"@type\":\"WebPage\",\"@id\":\"https:\/\/welovewebs.com\/ca\/formacio\/\",\"url\":\"https:\/\/welovewebs.com\/ca\/formacio\/\",\"name\":\"Formaci\u00f3 | La teva ag\u00e8ncia de m\u00e0rqueting digital a Barcelona | WeLoveWebs\",\"isPartOf\":{\"@id\":\"https:\/\/welovewebs.com\/ca\/#website\"},\"primaryImageOfPage\":{\"@id\":\"https:\/\/welovewebs.com\/ca\/formacio\/#primaryimage\"},\"image\":{\"@id\":\"https:\/\/welovewebs.com\/ca\/formacio\/#primaryimage\"},\"thumbnailUrl\":\"https:\/\/welovewebs.com\/wp-content\/uploads\/2019\/12\/welovewebs-formacion-marketing-digital-barcelona.jpg\",\"datePublished\":\"2021-01-11T16:40:34+00:00\",\"dateModified\":\"2021-02-16T10:08:50+00:00\",\"description\":\"A WeLoveWebs oferim Cursos espec\u00edfics de M\u00e0rqueting Digital per a Empreses i Professionals. Som especialistes en processos de Transformaci\u00f3 Digital.\",\"breadcrumb\":{\"@id\":\"https:\/\/welovewebs.com\/ca\/formacio\/#breadcrumb\"},\"inLanguage\":\"ca\",\"potentialAction\":[{\"@type\":\"ReadAction\",\"target\":[\"https:\/\/welovewebs.com\/ca\/formacio\/\"]}]},{\"@type\":\"ImageObject\",\"inLanguage\":\"ca\",\"@id\":\"https:\/\/welovewebs.com\/ca\/formacio\/#primaryimage\",\"url\":\"https:\/\/welovewebs.com\/wp-content\/uploads\/2019\/12\/welovewebs-formacion-marketing-digital-barcelona.jpg\",\"contentUrl\":\"https:\/\/welovewebs.com\/wp-content\/uploads\/2019\/12\/welovewebs-formacion-marketing-digital-barcelona.jpg\",\"width\":640,\"height\":538,\"caption\":\"WeLoveWebs Formaci\u00f3n de Marketing Digital en Barcelona\"},{\"@type\":\"BreadcrumbList\",\"@id\":\"https:\/\/welovewebs.com\/ca\/formacio\/#breadcrumb\",\"itemListElement\":[{\"@type\":\"ListItem\",\"position\":1,\"name\":\"Portada\",\"item\":\"https:\/\/welovewebs.com\/ca\/\"},{\"@type\":\"ListItem\",\"position\":2,\"name\":\"Formaci\u00f3\"}]},{\"@type\":\"WebSite\",\"@id\":\"https:\/\/welovewebs.com\/ca\/#website\",\"url\":\"https:\/\/welovewebs.com\/ca\/\",\"name\":\"WeLoveWebs\",\"description\":\"Tu Agencia de Marketing Digital y Desarrollo Web en Barcelona\",\"publisher\":{\"@id\":\"https:\/\/welovewebs.com\/ca\/#organization\"},\"potentialAction\":[{\"@type\":\"SearchAction\",\"target\":{\"@type\":\"EntryPoint\",\"urlTemplate\":\"https:\/\/welovewebs.com\/ca\/?s={search_term_string}\"},\"query-input\":{\"@type\":\"PropertyValueSpecification\",\"valueRequired\":true,\"valueName\":\"search_term_string\"}}],\"inLanguage\":\"ca\"},{\"@type\":\"Organization\",\"@id\":\"https:\/\/welovewebs.com\/ca\/#organization\",\"name\":\"WeLoveWebs SL\",\"url\":\"https:\/\/welovewebs.com\/ca\/\",\"logo\":{\"@type\":\"ImageObject\",\"inLanguage\":\"ca\",\"@id\":\"https:\/\/welovewebs.com\/ca\/#\/schema\/logo\/image\/\",\"url\":\"https:\/\/welovewebs.com\/wp-content\/uploads\/2020\/02\/favicon-1.gif\",\"contentUrl\":\"https:\/\/welovewebs.com\/wp-content\/uploads\/2020\/02\/favicon-1.gif\",\"width\":260,\"height\":260,\"caption\":\"WeLoveWebs SL\"},\"image\":{\"@id\":\"https:\/\/welovewebs.com\/ca\/#\/schema\/logo\/image\/\"}}]}<\/script>\n<!-- \/ Yoast SEO plugin. -->","yoast_head_json":{"title":"Formaci\u00f3 | La teva ag\u00e8ncia de m\u00e0rqueting digital a Barcelona | WeLoveWebs","description":"A WeLoveWebs oferim Cursos espec\u00edfics de M\u00e0rqueting Digital per a Empreses i Professionals. Som especialistes en processos de Transformaci\u00f3 Digital.","robots":{"index":"index","follow":"follow","max-snippet":"max-snippet:-1","max-image-preview":"max-image-preview:large","max-video-preview":"max-video-preview:-1"},"canonical":"https:\/\/welovewebs.com\/ca\/formacio\/","og_locale":"ca_ES","og_type":"article","og_title":"Formaci\u00f3 | La teva ag\u00e8ncia de m\u00e0rqueting digital a Barcelona | WeLoveWebs","og_description":"A WeLoveWebs oferim Cursos espec\u00edfics de M\u00e0rqueting Digital per a Empreses i Professionals. Som especialistes en processos de Transformaci\u00f3 Digital.","og_url":"https:\/\/welovewebs.com\/ca\/formacio\/","og_site_name":"WeLoveWebs","article_modified_time":"2021-02-16T10:08:50+00:00","og_image":[{"width":640,"height":538,"url":"https:\/\/welovewebs.com\/wp-content\/uploads\/2019\/12\/welovewebs-formacion-marketing-digital-barcelona.jpg","type":"image\/jpeg"}],"twitter_card":"summary_large_image","schema":{"@context":"https:\/\/schema.org","@graph":[{"@type":"WebPage","@id":"https:\/\/welovewebs.com\/ca\/formacio\/","url":"https:\/\/welovewebs.com\/ca\/formacio\/","name":"Formaci\u00f3 | La teva ag\u00e8ncia de m\u00e0rqueting digital a Barcelona | WeLoveWebs","isPartOf":{"@id":"https:\/\/welovewebs.com\/ca\/#website"},"primaryImageOfPage":{"@id":"https:\/\/welovewebs.com\/ca\/formacio\/#primaryimage"},"image":{"@id":"https:\/\/welovewebs.com\/ca\/formacio\/#primaryimage"},"thumbnailUrl":"https:\/\/welovewebs.com\/wp-content\/uploads\/2019\/12\/welovewebs-formacion-marketing-digital-barcelona.jpg","datePublished":"2021-01-11T16:40:34+00:00","dateModified":"2021-02-16T10:08:50+00:00","description":"A WeLoveWebs oferim Cursos espec\u00edfics de M\u00e0rqueting Digital per a Empreses i Professionals. Som especialistes en processos de Transformaci\u00f3 Digital.","breadcrumb":{"@id":"https:\/\/welovewebs.com\/ca\/formacio\/#breadcrumb"},"inLanguage":"ca","potentialAction":[{"@type":"ReadAction","target":["https:\/\/welovewebs.com\/ca\/formacio\/"]}]},{"@type":"ImageObject","inLanguage":"ca","@id":"https:\/\/welovewebs.com\/ca\/formacio\/#primaryimage","url":"https:\/\/welovewebs.com\/wp-content\/uploads\/2019\/12\/welovewebs-formacion-marketing-digital-barcelona.jpg","contentUrl":"https:\/\/welovewebs.com\/wp-content\/uploads\/2019\/12\/welovewebs-formacion-marketing-digital-barcelona.jpg","width":640,"height":538,"caption":"WeLoveWebs Formaci\u00f3n de Marketing Digital en Barcelona"},{"@type":"BreadcrumbList","@id":"https:\/\/welovewebs.com\/ca\/formacio\/#breadcrumb","itemListElement":[{"@type":"ListItem","position":1,"name":"Portada","item":"https:\/\/welovewebs.com\/ca\/"},{"@type":"ListItem","position":2,"name":"Formaci\u00f3"}]},{"@type":"WebSite","@id":"https:\/\/welovewebs.com\/ca\/#website","url":"https:\/\/welovewebs.com\/ca\/","name":"WeLoveWebs","description":"Tu Agencia de Marketing Digital y Desarrollo Web en Barcelona","publisher":{"@id":"https:\/\/welovewebs.com\/ca\/#organization"},"potentialAction":[{"@type":"SearchAction","target":{"@type":"EntryPoint","urlTemplate":"https:\/\/welovewebs.com\/ca\/?s={search_term_string}"},"query-input":{"@type":"PropertyValueSpecification","valueRequired":true,"valueName":"search_term_string"}}],"inLanguage":"ca"},{"@type":"Organization","@id":"https:\/\/welovewebs.com\/ca\/#organization","name":"WeLoveWebs SL","url":"https:\/\/welovewebs.com\/ca\/","logo":{"@type":"ImageObject","inLanguage":"ca","@id":"https:\/\/welovewebs.com\/ca\/#\/schema\/logo\/image\/","url":"https:\/\/welovewebs.com\/wp-content\/uploads\/2020\/02\/favicon-1.gif","contentUrl":"https:\/\/welovewebs.com\/wp-content\/uploads\/2020\/02\/favicon-1.gif","width":260,"height":260,"caption":"WeLoveWebs SL"},"image":{"@id":"https:\/\/welovewebs.com\/ca\/#\/schema\/logo\/image\/"}}]}},"_links":{"self":[{"href":"https:\/\/welovewebs.com\/ca\/wp-json\/wp\/v2\/pages\/4871","targetHints":{"allow":["GET"]}}],"collection":[{"href":"https:\/\/welovewebs.com\/ca\/wp-json\/wp\/v2\/pages"}],"about":[{"href":"https:\/\/welovewebs.com\/ca\/wp-json\/wp\/v2\/types\/page"}],"author":[{"embeddable":true,"href":"https:\/\/welovewebs.com\/ca\/wp-json\/wp\/v2\/users\/2"}],"replies":[{"embeddable":true,"href":"https:\/\/welovewebs.com\/ca\/wp-json\/wp\/v2\/comments?post=4871"}],"version-history":[{"count":0,"href":"https:\/\/welovewebs.com\/ca\/wp-json\/wp\/v2\/pages\/4871\/revisions"}],"wp:featuredmedia":[{"embeddable":true,"href":"https:\/\/welovewebs.com\/ca\/wp-json\/wp\/v2\/media\/3761"}],"wp:attachment":[{"href":"https:\/\/welovewebs.com\/ca\/wp-json\/wp\/v2\/media?parent=4871"}],"curies":[{"name":"wp","href":"https:\/\/api.w.org\/{rel}","templated":true}]}}