{"id":4893,"date":"2021-01-12T09:59:38","date_gmt":"2021-01-12T08:59:38","guid":{"rendered":"https:\/\/welovewebs.com\/politica-de-cookies\/"},"modified":"2021-01-12T13:50:08","modified_gmt":"2021-01-12T12:50:08","slug":"politica-de-cookies","status":"publish","type":"page","link":"https:\/\/welovewebs.com\/ca\/politica-de-cookies\/","title":{"rendered":"Pol\u00edtica de cookies"},"content":{"rendered":"&#13;\n<p>Una Galeta o Cookie \u00e9s un fitxer que es descarrega en el seu ordinador en accedir a determinades p\u00e0gines web. Les cookies permeten a una p\u00e0gina web, entre altres coses, emmagatzemar i recuperar informaci\u00f3 sobre els h\u00e0bits de navegaci\u00f3 d&#8217;un usuari o del seu equip i, depenent de la informaci\u00f3 que contingui i de la forma en qu\u00e8 utilitzi el seu equip, poden utilitzar-se per a recon\u00e8ixer a l&#8217;usuari.<\/p>&#13;&#13;\n<p>Les cookies s\u00f3n essencials per al funcionament d&#8217;internet, aportant innombrables avantatges en la prestaci\u00f3 de serveis interactius, facilitant-li la navegaci\u00f3 i usabilitat de la nostra web.<\/p>&#13;&#13;\n<p>La informaci\u00f3 que li proporcionem a continuaci\u00f3, l&#8217;ajudar\u00e0 a comprendre els diferents tipus de cookies:<\/p>&#13;<figure class=\"wp-block-table\">\n<table class=\"tabla-cookies\" border=\"1px solid grey\">\n<tbody>\n<tr>\n<td colspan=\"3\"><strong>TIPOS DE COOKIES<\/strong><\/td>\n<\/tr>\n<tr>\n<td rowspan=\"2\">SEGONS L&#8217;ENTIDAT QUE LAS GESTIONA<\/td>\n<td>Cookies pr\u00f2pies<\/td>\n<td>\n<table>\n<tbody>\n<tr>\n<td width=\"189\">S\u00f3n aquelles que es recapten pel propi editor per a prestar el servei sol\u00b7licitat per l&#8217;usuari.<\/td>\n<\/tr>\n<\/tbody>\n<\/table>\n<\/td>\n<\/tr>\n<tr>\n<td>Cookies de tercer<\/td>\n<td>S\u00f3n aquelles que s\u00f3n recaptades i gestionades per un tercer, aquestes no es poden considerar pr\u00f2pies.<\/td>\n<\/tr>\n<tr>\n<td rowspan=\"2\">SEGONS EL TERMINI DE TEMPS QUE ROMANGUIN ACTIVADES<\/td>\n<td>Cookies de sesi\u00f3<\/td>\n<td>Recapten dades mentre l&#8217;usuari navega per la xarxa amb la finalitat de prestar el servei sol\u00b7licitat.<\/td>\n<\/tr>\n<tr>\n<td>Cookies persistents<\/td>\n<td>S&#8217;emmagatzemen en el terminal i la informaci\u00f3 obtinguda, ser\u00e0 utilitzada pel responsable de la cookie amb la finalitat de prestar el servei sol\u00b7liciteuo.<\/td>\n<\/tr>\n<tr>\n<td rowspan=\"5\">\n<table style=\"height: 74px;\" width=\"240\">\n<tbody>\n<tr>\n<td width=\"189\">SEGONS LA SEVA FINALITAT<\/td>\n<\/tr>\n<\/tbody>\n<\/table>\n<\/td>\n<td>Cookies t\u00e8cniques<\/td>\n<td>S\u00f3n les necess\u00e0ries per a la correcta navegaci\u00f3 per la web.<\/td>\n<\/tr>\n<tr>\n<td>Cookies de personalitzaci\u00f3<\/td>\n<td>Permeten a l&#8217;usuari les caracter\u00edstiques (idioma) per a la navegaci\u00f3 per la website<\/td>\n<\/tr>\n<tr>\n<td>Cookies d&#8217;an\u00e0lisi<\/td>\n<td>Permeten al prestador l&#8217;an\u00e0lisi vinculada a la navegaci\u00f3 realitzada per l&#8217;usuari, amb la finalitat de portar un seguiment d&#8217;\u00fas de la p\u00e0gina web, aix\u00ed com realitzar estad\u00edstiques dels continguts m\u00e9s visitats, nombre de visitants, etc.<\/td>\n<\/tr>\n<tr>\n<td>Cookies publicit\u00e0ries<\/td>\n<td>Permeten a l&#8217;editor incloure al web, espais publicitaris, segons el contingut de la pr\u00f2pia web.<\/td>\n<\/tr>\n<tr>\n<td>Cookies de publicitat comportamental<\/td>\n<td>Permeten a l&#8217;editor incloure a la plana web espais publicitaris segons la informaci\u00f3 obtinguda a trav\u00e9s dels h\u00e0bits de navegaci\u00f3 de l&#8217;usuari.<\/td>\n<\/tr>\n<\/tbody>\n<\/table>\n<\/figure>&#13;\n<p>Segons el que es disposa en l&#8217;article 22.2 de la Llei 34\/2002, d&#8217;11 de juliol, de Serveis de la Societat de la Informaci\u00f3 i de Comer\u00e7 Electr\u00f2nic (LSSI-CE), WeLoveWebs SL informa de les cookies utilitzades en nostra website:<\/p>&#13;<table class=\"wp-block-table tabla-cookies-2\" border=\"1px solid grey\">\n<tbody>\n<tr>\n<td><\/td>\n<td>Cookies pr\u00f2pies<\/td>\n<td>Cookies de tercer<\/td>\n<td>Cookies de sessi\u00f3<\/td>\n<td>Cookies persistents<\/td>\n<\/tr>\n<tr>\n<td>Cookies t\u00e8cniques<\/td>\n<td>\u00a0x<\/td>\n<td>\u00a0x<\/td>\n<td><\/td>\n<td><\/td>\n<\/tr>\n<tr>\n<td>Cookies de personalitzaci\u00f3<\/td>\n<td>\u00a0x<\/td>\n<td><\/td>\n<td>\u00a0x<\/td>\n<td>\u00a0x<\/td>\n<\/tr>\n<tr>\n<td>Cookies d&#8217;an\u00e0lisis<\/td>\n<td><\/td>\n<td>\u00a0x<\/td>\n<td>\u00a0x<\/td>\n<td>\u00a0x<\/td>\n<\/tr>\n<tr>\n<td>Cookies publicit\u00e0ries<\/td>\n<td><\/td>\n<td>\u00a0x<\/td>\n<td>\u00a0x<\/td>\n<td>\u00a0x<\/td>\n<\/tr>\n<tr>\n<td>Cookies de publicitat comportamental<\/td>\n<td><\/td>\n<td><\/td>\n<td><\/td>\n<td><\/td>\n<\/tr>\n<\/tbody>\n<\/table>&#13;\n<p>\u00a0<\/p>&#13;&#13;\n<ul class=\"wp-block-list\"><li><strong>Google Analytics<\/strong>: Emmagatzema cookies per a poder elaborar estad\u00edstiques sobre el tr\u00e0nsit i volum de visites d&#8217;aquest web. En utilitzar aquest lloc web est\u00e0 consentint el tractament d&#8217;informaci\u00f3 sobre vost\u00e8 per Google. Per tant, l&#8217;exercici de qualsevol dret en aquest sentit haur\u00e0 de fer-lo comunicant directament amb Google.<\/li>&#13;\n<\/ul>&#13;\n<p>Les cookies de Google Analytics, s&#8217;emmagatzemen en servidors situats als Estats Units i es compromet a no compartir-la amb tercers, excepte en els casos en els quals sigui necessari per al funcionament del sistema o quan la llei obligui a aquest efecte. Segons Google no guarda la seva adre\u00e7a IP<\/p>&#13;&#13;\n<p>Google Inc. \u00e9s una companyia adherida <em>\u201cPrivacy Shiels\u201d <\/em>(escut de privacitat) que garanteix que totes les dades transferides seran tractaes amb un nivell de protecci\u00f3 concorde a la normativa europea. Pot consultar la informaci\u00f3 detallada referent a aix\u00f2 a trav\u00e9s del seg\u00fcent enlla\u00e7: <a href=\"https:\/\/support.google.com\/analytics\/answer\/6004245\">https:\/\/support.google.com\/analytics\/answer\/6004245<\/a>.<\/p>&#13;&#13;\n<p>Si ho desitja pot utilitzar el Complement d&#8217;inhabilitaci\u00f3 per a navegadors de Google Analytics a trav\u00e9s de les instruccions dels quals poden rebutjar-se les cookies anal\u00edtiques d&#8217;aquest servei en tots els navegadors. Pot consultar m\u00e9s informaci\u00f3 sobre aquest tema al seg\u00fcent enlla\u00e7 <a href=\"https:\/\/tools.google.com\/dlpage\/gaoptout\">https:\/\/tools.google.com\/dlpage\/gaoptout<\/a><\/p>&#13;&#13;\n<p>Aix\u00ed mateix, WeLoveWebs SL informa l&#8217;usuari que t\u00e9 la possibilitat de configurar el seu navegador de manera que se l&#8217;informi de la recepci\u00f3 de cookies, podent, si aix\u00ed ho desitja, impedir que siguin instal\u00b7lades en el seu disc dur.<\/p>&#13;&#13;\n<p>A continuaci\u00f3 li proporcionem els enlla\u00e7os de diversos navegadors, a trav\u00e9s dels quals podr\u00e0 realitzar aquesta configuraci\u00f3:<\/p>&#13;&#13;\n<ul class=\"wp-block-list\"><li><strong><em>Firefox des d&#8217;aqu\u00ed: <\/em><\/strong><a href=\"http:\/\/support.mozilla.org\/es\/kb\/habilitar-y-deshabilitar-cookies-que-los-sitios-we\"><em>http:\/\/support.mozilla.org\/es\/kb\/habilitar-y-deshabilitar-cookies-que-los-sitios-we<\/em><\/a><em>\u00a0 <\/em><\/li>&#13;\n<li><strong><em>Chrome des d&#8217;aqu\u00ed: <\/em><\/strong><a href=\"http:\/\/support.google.com\/chrome\/bin\/answer.py?hl=es&amp;answer=95647\"><em>http:\/\/support.google.com\/chrome\/bin\/answer.py?hl=es&amp;answer=95647<\/em><\/a><em>\u00a0 <\/em><\/li>&#13;\n<li><strong><em>Explorer des d&#8217;aqu\u00ed: <\/em><\/strong><a href=\"http:\/\/windows.microsoft.com\/es-es\/internet-explorer\/delete-manage-cookies#ie=ie-10\"><em>http:\/\/windows.microsoft.com\/es-es\/internet-explorer\/delete-manage-cookies#ie=ie-10<\/em><\/a><em>\u00a0 <\/em><\/li>&#13;\n<li><strong><em>Safari des d&#8217;aqu\u00ed: <\/em><\/strong><a href=\"https:\/\/support.apple.com\/kb\/ph17191?locale=es_ES\"><em>https:\/\/support.apple.com\/kb\/ph17191?locale=es_ES<\/em><\/a><em>\u00a0 <\/em><\/li>&#13;\n<li><strong><em>Opera des d&#8217;aqu\u00ed: <\/em><\/strong><a href=\"https:\/\/help.opera.com\/en\/latest\/web-preferences\/#cookies\"><em>https:\/\/help.opera.com\/en\/latest\/web-preferences\/#cookies<\/em><\/a><em>\u00a0 <\/em><\/li>&#13;\n<\/ul>","protected":false},"excerpt":{"rendered":"<p>&#13; Una Galeta o Cookie \u00e9s un fitxer que es descarrega en el seu ordinador en accedir a determinades p\u00e0gines web. Les cookies permeten a una p\u00e0gina web, entre altres coses, emmagatzemar i recuperar informaci\u00f3 sobre els h\u00e0bits de navegaci\u00f3 d&#8217;un usuari o del seu equip i, depenent de la informaci\u00f3 que contingui i de<\/p>\n","protected":false},"author":2,"featured_media":0,"parent":0,"menu_order":0,"comment_status":"closed","ping_status":"closed","template":"","meta":{"_acf_changed":false,"footnotes":""},"class_list":["post-4893","page","type-page","status-publish","hentry"],"acf":[],"yoast_head":"<!-- This site is optimized with the Yoast SEO plugin v24.5 - https:\/\/yoast.com\/wordpress\/plugins\/seo\/ -->\n<title>Pol\u00edtica de cookies - WeLoveWebs<\/title>\n<meta name=\"robots\" content=\"index, follow, max-snippet:-1, max-image-preview:large, max-video-preview:-1\" \/>\n<link rel=\"canonical\" href=\"https:\/\/welovewebs.com\/ca\/politica-de-cookies\/\" \/>\n<meta property=\"og:locale\" content=\"ca_ES\" \/>\n<meta property=\"og:type\" content=\"article\" \/>\n<meta property=\"og:title\" content=\"Pol\u00edtica de cookies - WeLoveWebs\" \/>\n<meta property=\"og:description\" content=\"&#013; Una Galeta o Cookie \u00e9s un fitxer que es descarrega en el seu ordinador en accedir a determinades p\u00e0gines web. Les cookies permeten a una p\u00e0gina web, entre altres coses, emmagatzemar i recuperar informaci\u00f3 sobre els h\u00e0bits de navegaci\u00f3 d&#8217;un usuari o del seu equip i, depenent de la informaci\u00f3 que contingui i de\" \/>\n<meta property=\"og:url\" content=\"https:\/\/welovewebs.com\/ca\/politica-de-cookies\/\" \/>\n<meta property=\"og:site_name\" content=\"WeLoveWebs\" \/>\n<meta property=\"article:modified_time\" content=\"2021-01-12T12:50:08+00:00\" \/>\n<meta name=\"twitter:card\" content=\"summary_large_image\" \/>\n<meta name=\"twitter:label1\" content=\"Temps estimat de lectura\" \/>\n\t<meta name=\"twitter:data1\" content=\"4 minuts\" \/>\n<script type=\"application\/ld+json\" class=\"yoast-schema-graph\">{\"@context\":\"https:\/\/schema.org\",\"@graph\":[{\"@type\":\"WebPage\",\"@id\":\"https:\/\/welovewebs.com\/ca\/politica-de-cookies\/\",\"url\":\"https:\/\/welovewebs.com\/ca\/politica-de-cookies\/\",\"name\":\"Pol\u00edtica de cookies - WeLoveWebs\",\"isPartOf\":{\"@id\":\"https:\/\/welovewebs.com\/ca\/#website\"},\"datePublished\":\"2021-01-12T08:59:38+00:00\",\"dateModified\":\"2021-01-12T12:50:08+00:00\",\"breadcrumb\":{\"@id\":\"https:\/\/welovewebs.com\/ca\/politica-de-cookies\/#breadcrumb\"},\"inLanguage\":\"ca\",\"potentialAction\":[{\"@type\":\"ReadAction\",\"target\":[\"https:\/\/welovewebs.com\/ca\/politica-de-cookies\/\"]}]},{\"@type\":\"BreadcrumbList\",\"@id\":\"https:\/\/welovewebs.com\/ca\/politica-de-cookies\/#breadcrumb\",\"itemListElement\":[{\"@type\":\"ListItem\",\"position\":1,\"name\":\"Portada\",\"item\":\"https:\/\/welovewebs.com\/ca\/\"},{\"@type\":\"ListItem\",\"position\":2,\"name\":\"Pol\u00edtica de cookies\"}]},{\"@type\":\"WebSite\",\"@id\":\"https:\/\/welovewebs.com\/ca\/#website\",\"url\":\"https:\/\/welovewebs.com\/ca\/\",\"name\":\"WeLoveWebs\",\"description\":\"Tu Agencia de Marketing Digital y Desarrollo Web en Barcelona\",\"publisher\":{\"@id\":\"https:\/\/welovewebs.com\/ca\/#organization\"},\"potentialAction\":[{\"@type\":\"SearchAction\",\"target\":{\"@type\":\"EntryPoint\",\"urlTemplate\":\"https:\/\/welovewebs.com\/ca\/?s={search_term_string}\"},\"query-input\":{\"@type\":\"PropertyValueSpecification\",\"valueRequired\":true,\"valueName\":\"search_term_string\"}}],\"inLanguage\":\"ca\"},{\"@type\":\"Organization\",\"@id\":\"https:\/\/welovewebs.com\/ca\/#organization\",\"name\":\"WeLoveWebs SL\",\"url\":\"https:\/\/welovewebs.com\/ca\/\",\"logo\":{\"@type\":\"ImageObject\",\"inLanguage\":\"ca\",\"@id\":\"https:\/\/welovewebs.com\/ca\/#\/schema\/logo\/image\/\",\"url\":\"https:\/\/welovewebs.com\/wp-content\/uploads\/2020\/02\/favicon-1.gif\",\"contentUrl\":\"https:\/\/welovewebs.com\/wp-content\/uploads\/2020\/02\/favicon-1.gif\",\"width\":260,\"height\":260,\"caption\":\"WeLoveWebs SL\"},\"image\":{\"@id\":\"https:\/\/welovewebs.com\/ca\/#\/schema\/logo\/image\/\"}}]}<\/script>\n<!-- \/ Yoast SEO plugin. -->","yoast_head_json":{"title":"Pol\u00edtica de cookies - WeLoveWebs","robots":{"index":"index","follow":"follow","max-snippet":"max-snippet:-1","max-image-preview":"max-image-preview:large","max-video-preview":"max-video-preview:-1"},"canonical":"https:\/\/welovewebs.com\/ca\/politica-de-cookies\/","og_locale":"ca_ES","og_type":"article","og_title":"Pol\u00edtica de cookies - WeLoveWebs","og_description":"&#13; Una Galeta o Cookie \u00e9s un fitxer que es descarrega en el seu ordinador en accedir a determinades p\u00e0gines web. Les cookies permeten a una p\u00e0gina web, entre altres coses, emmagatzemar i recuperar informaci\u00f3 sobre els h\u00e0bits de navegaci\u00f3 d&#8217;un usuari o del seu equip i, depenent de la informaci\u00f3 que contingui i de","og_url":"https:\/\/welovewebs.com\/ca\/politica-de-cookies\/","og_site_name":"WeLoveWebs","article_modified_time":"2021-01-12T12:50:08+00:00","twitter_card":"summary_large_image","twitter_misc":{"Temps estimat de lectura":"4 minuts"},"schema":{"@context":"https:\/\/schema.org","@graph":[{"@type":"WebPage","@id":"https:\/\/welovewebs.com\/ca\/politica-de-cookies\/","url":"https:\/\/welovewebs.com\/ca\/politica-de-cookies\/","name":"Pol\u00edtica de cookies - WeLoveWebs","isPartOf":{"@id":"https:\/\/welovewebs.com\/ca\/#website"},"datePublished":"2021-01-12T08:59:38+00:00","dateModified":"2021-01-12T12:50:08+00:00","breadcrumb":{"@id":"https:\/\/welovewebs.com\/ca\/politica-de-cookies\/#breadcrumb"},"inLanguage":"ca","potentialAction":[{"@type":"ReadAction","target":["https:\/\/welovewebs.com\/ca\/politica-de-cookies\/"]}]},{"@type":"BreadcrumbList","@id":"https:\/\/welovewebs.com\/ca\/politica-de-cookies\/#breadcrumb","itemListElement":[{"@type":"ListItem","position":1,"name":"Portada","item":"https:\/\/welovewebs.com\/ca\/"},{"@type":"ListItem","position":2,"name":"Pol\u00edtica de cookies"}]},{"@type":"WebSite","@id":"https:\/\/welovewebs.com\/ca\/#website","url":"https:\/\/welovewebs.com\/ca\/","name":"WeLoveWebs","description":"Tu Agencia de Marketing Digital y Desarrollo Web en Barcelona","publisher":{"@id":"https:\/\/welovewebs.com\/ca\/#organization"},"potentialAction":[{"@type":"SearchAction","target":{"@type":"EntryPoint","urlTemplate":"https:\/\/welovewebs.com\/ca\/?s={search_term_string}"},"query-input":{"@type":"PropertyValueSpecification","valueRequired":true,"valueName":"search_term_string"}}],"inLanguage":"ca"},{"@type":"Organization","@id":"https:\/\/welovewebs.com\/ca\/#organization","name":"WeLoveWebs SL","url":"https:\/\/welovewebs.com\/ca\/","logo":{"@type":"ImageObject","inLanguage":"ca","@id":"https:\/\/welovewebs.com\/ca\/#\/schema\/logo\/image\/","url":"https:\/\/welovewebs.com\/wp-content\/uploads\/2020\/02\/favicon-1.gif","contentUrl":"https:\/\/welovewebs.com\/wp-content\/uploads\/2020\/02\/favicon-1.gif","width":260,"height":260,"caption":"WeLoveWebs SL"},"image":{"@id":"https:\/\/welovewebs.com\/ca\/#\/schema\/logo\/image\/"}}]}},"_links":{"self":[{"href":"https:\/\/welovewebs.com\/ca\/wp-json\/wp\/v2\/pages\/4893","targetHints":{"allow":["GET"]}}],"collection":[{"href":"https:\/\/welovewebs.com\/ca\/wp-json\/wp\/v2\/pages"}],"about":[{"href":"https:\/\/welovewebs.com\/ca\/wp-json\/wp\/v2\/types\/page"}],"author":[{"embeddable":true,"href":"https:\/\/welovewebs.com\/ca\/wp-json\/wp\/v2\/users\/2"}],"replies":[{"embeddable":true,"href":"https:\/\/welovewebs.com\/ca\/wp-json\/wp\/v2\/comments?post=4893"}],"version-history":[{"count":0,"href":"https:\/\/welovewebs.com\/ca\/wp-json\/wp\/v2\/pages\/4893\/revisions"}],"wp:attachment":[{"href":"https:\/\/welovewebs.com\/ca\/wp-json\/wp\/v2\/media?parent=4893"}],"curies":[{"name":"wp","href":"https:\/\/api.w.org\/{rel}","templated":true}]}}