{"id":4925,"date":"2021-01-12T11:26:57","date_gmt":"2021-01-12T10:26:57","guid":{"rendered":"https:\/\/welovewebs.com\/termes-i-condicions\/"},"modified":"2021-01-13T09:33:19","modified_gmt":"2021-01-13T08:33:19","slug":"termes-i-condicions","status":"publish","type":"page","link":"https:\/\/welovewebs.com\/ca\/termes-i-condicions\/","title":{"rendered":"Termes i condicions"},"content":{"rendered":"<p><\/p><p>En compliment de la Llei 34\/2002, d&#8217;11 de juliol, de Serveis de la Societat de la Informaci\u00f3 i de Comer\u00e7 Electr\u00f2nic (LSSI-CE), WeLoveWebs SL informa que \u00e9s titular del lloc web <a href=\"http:\/\/www.welovewebs.com\">www.welovewebs.com<\/a>. D&#8217;acord amb l&#8217;exig\u00e8ncia de l&#8217;article 10 de la citada Llei, WeLoveWebs SL informa de les seg\u00fcents dades:<\/p><p>El titular d&#8217;aquest lloc web \u00e9s WeLoveWebs SL, amb CIF B66748450 i domicili social en Carrer Monec 12, ent 2, 08003 Barcelona, inscrita en el Registre Mercantil, en el tom 45291, foli 90, fulla B-483073 i inscripci\u00f3 1. L&#8217;adre\u00e7a de correu electr\u00f2nic de contacte amb l&#8217;empresa \u00e9s: <a href=\"mailto:info@welovewebs.com\">info@welovewebs.com<\/a>.<\/p><p><strong>Usuari i r\u00e8gim de responsabilitats<\/strong><\/p><p>La navegaci\u00f3, acc\u00e9s i \u00fas pel lloc web de WeLoveWebs SL&#13;\nconfereix la condici\u00f3 d&#8217;usuari, per la qual s&#8217;accepten, des de la navegaci\u00f3&#13;\npel lloc web de WeLoveWebs SL, totes les condicions d&#8217;\u00fas aqu\u00ed&#13;\nestablertes sense perjudici de l&#8217;aplicaci\u00f3 de la corresponent normativa d&#8217;obligat&#13;\ncompliment legal segons el cas.<\/p><p>El lloc web de WeLoveWebs SL proporciona gran diversitat d&#8217;informaci\u00f3,&#13;\nserveis i dades. L&#8217;usuari assumeix la seva responsabilitat en l&#8217;\u00fas&#13;\ncorrecte del lloc web. Aquesta responsabilitat s&#8217;estendr\u00e0 a:<\/p><ul class=\"wp-block-list\"><li>La veracitat i licitud de les informacions aportades per l&#8217;usuari&#13;\nen els formularis estesos per WeLoveWebs SL per a l&#8217;acc\u00e9s a uns&#13;\ncerts continguts o serveis oferts pel web.<\/li><li>L&#8217;\u00fas de la informaci\u00f3, serveis i dades ofertes per WeLoveWebs&#13;\nSL contr\u00e0riament al que es disposa per les presents condicions, la&#13;\nLlei, la moral, els bons costums o l&#8217;ordre p\u00fablic, o que de qualsevol altra manera puguin suposar lesi\u00f3 dels drets de tercers o del mateix funcionament&#13;\ndel lloc web.<\/li><\/ul><p><strong>Pol\u00edtica d&#8217;enlla\u00e7os i exempcions de responsabilitat<\/strong><\/p><p>WeLoveWebs SL no es fa responsable del contingut dels llocs web&#13;\n als quals l&#8217;usuari pugui accedir a trav\u00e9s dels enlla\u00e7os establerts en&#13;\nel seu lloc web i declara que en cap cas procedir\u00e0 a examinar o exercitar&#13;\ncap mena de control sobre el contingut d&#8217;altres llocs de la xarxa. Aix\u00ed mateix,&#13;\ntampoc garantir\u00e0 la disponibilitat t\u00e8cnica, exactitud, veracitat, validesa o&#13;\nlegalitat de llocs aliens a la seva propietat als quals es pugui accedir per mitj\u00e0 de&#13;\n els enlla\u00e7os.<\/p><p>WeLoveWebs SL declara haver adoptat totes les mesures necess\u00e0ries&#13;\nper a evitar qualsevol mal als usuaris del seu lloc web, que poguessin&#13;\nderivar-se de la navegaci\u00f3 pel seu lloc web. En conseq\u00fc\u00e8ncia,&#13;\nWeLoveWebs SL no es fa responsable, en cap cas, dels eventuals danys&#13;\nque per la navegaci\u00f3 per Internet pogu\u00e9s sofrir l&#8217;usuari.<\/p><p><strong>Modificacions<\/strong><\/p><p>WeLoveWebs SL es reserva el dret a realitzar les modificacions que&#13;\nconsideri oportunes, sense av\u00eds previ, en el contingut del seu lloc web. Tant&#13;\nreferent als continguts del lloc web, com en les condicions d&#8217;\u00fas&#13;\nd&#8217;aquest. Aquestes modificacions podran realitzar-se a trav\u00e9s del seu lloc web per qualsevol&#13;\nforma admissible en dret i seran d&#8217;obligat compliment durant&#13;\nel temps en qu\u00e8 es trobin publicades en la web i fins que no siguin&#13;\nmodificades v\u00e0lidament per altres posteriors.<\/p><p><strong>Protecci\u00f3de dades<\/strong><\/p><p>De conformitat amb el que s&#8217;estableix en la normativa vigent en Protecci\u00f3 de Dades&#13;\nde Car\u00e0cter Personal, l&#8217;informem que les seves dades seran incorporades al sistema&#13;\nde tractament titularitat de WeLoveWebs SL amb CIF B6674b450 i&#13;\ndomicili social situat en Carrer Monec 12, ent 2, 08003 Barcelona, amb la finalitat de poder&#13;\nfacilitar, agilitar i complir els compromisos establerts entre totes dues&#13;\nparts. En compliment amb la normativa vigent, WeLoveWebs SL informa que les dades seran conservades durant el termini estrictament necessari per a complir amb els preceptes esmentats amb anterioritat.<\/p><p>L&#8217;informem que el tractament de les seves dades est\u00e0 legitimat pel seu consentiment i\/o la relaci\u00f3 contractual que mantenim amb vost\u00e8.<\/p><p>WeLoveWebs SL informa que procedir\u00e0 a tractar les dades de manera&#13;\nl\u00edcita, lleial, transparent, adequada, pertinent, limitada, exacta i&#13;\nactualitzada. \u00c9s per aix\u00f2 que WeLoveWebs SL es compromet a adoptar&#13;\ntotes les mesures raonables perqu\u00e8 aquests se suprimeixin o rectifiquin&#13;\nsense dilaci\u00f3 quan siguin inexactes.<\/p><p>D&#8217;acord amb els drets que li confereix el la normativa vigent en protecci\u00f3&#13;\nde dades podr\u00e0 exercir els drets d&#8217;acc\u00e9s, rectificaci\u00f3, limitaci\u00f3 de tractament,&#13;\nsupressi\u00f3, portabilitat i oposici\u00f3 al tractament de les seves dades de car\u00e0cter&#13;\npersonal aix\u00ed com del consentiment prestat per al tractament d&#8217;aquests,&#13;\ndirigint la seva petici\u00f3 a l&#8217;adre\u00e7a postal indicada m\u00e9s amunt o&#13;\nal correu electr\u00f2nic<a href=\"mailto:info@welovewebs.com\"> info@welovewebs.com<\/a>.<\/p><p>Podr\u00e0 dirigir-se a l&#8217;Autoritat de Control competent per a presentar la reclamaci\u00f3&#13;\nque consideri oportuna.<\/p><p><strong>Certificat SSL (Secure Sockets Layer)<\/strong><\/p><p>El CERTIFICAT SSL proporciona autenticaci\u00f3, privacitat i seguretat de la&#13;\ninformaci\u00f3 entre WeLoveWebs SL i l&#8217;usuari.<\/p><p>WeLoveWebs SL disposa d&#8217;un certificat de seguretat que s&#8217;utilitza&#13;\nper CERTIFICAT SSL per a realitzar connexions segures.<\/p><p>En aquest proc\u00e9s s&#8217;estableixen diversos&#13;\npar\u00e0metres per a realitzar la connexi\u00f3 de manera segura i s&#8217;estableix usant&#13;\nclaus preestablertes, codificant i descodificant totes les dades enviades&#13;\nfins que la connexi\u00f3 sigui tancada.<\/p><p><strong>Propietat intel\u00b7lectual i industrial<\/strong><\/p><p>WeLoveWebs SL per si mateixa o com a cession\u00e0ria, \u00e9s titular de tots els drets&#13;\nde propietat intel\u00b7lectual i industrial de la seva p\u00e0gina web, aix\u00ed com dels&#13;\nelements continguts en la mateixa (a t\u00edtol enunciatiu, imatges, so,&#13;\n\u00e0udio, v\u00eddeo, programari o texts; marques o logotips, combinacions de colors,&#13;\nestructura i disseny, selecci\u00f3 de materials usats, programes d&#8217;ordinador&#13;\nnecessaris per al seu funcionament, acc\u00e9s i \u00fas, etc.), titularitat de *WeLoveWebs&#13;\nSL. Seran, per conseg\u00fcent, obres protegides com a propietat intel\u00b7lectual per l&#8217;ordenament&#13;\njur\u00eddic espanyol, sent-los aplicables tant la normativa espanyola&#13;\ni comunit\u00e0ria en aquest camp, com els tractats internacionals relatius a la&#13;\nmat\u00e8ria i subscrits per Espanya.<\/p><p>Tots els drets reservats. En virtut del que es disposa en la Llei&#13;\nde Propietat Intel\u00b7lectual, queden expressament prohibides la reproducci\u00f3, la&#13;\ndistribuci\u00f3 i la comunicaci\u00f3 p\u00fablica, inclosa la seva modalitat de posada a disposici\u00f3,&#13;\nde la totalitat o part dels continguts d&#8217;aquesta p\u00e0gina web, amb finalitats&#13;\n comercials, en qualsevol suport i per qualsevol mitj\u00e0 t\u00e8cnic, sense l&#8217;autoritzaci\u00f3&#13;\nde WeLoveWebs SL.<\/p><p>L&#8217;usuari es compromet a respectar els drets de Propietat&#13;\nIntel\u00b7lectual i Industrial titularitat de WeLoveWebs SL. Podr\u00e0 visualitzar els elements&#13;\ndel portal i fins i tot imprimir-los, copiar-los i emmagatzemar-los en el disc dur del&#13;\nseu ordinador o en qualsevol altre suport f\u00edsic sempre que sigui, exclusivament, per al seu \u00fas personal i privat. L&#8217;usuari haur\u00e0 d&#8217;abstenir-se de suprimir,&#13;\nalterar, eludir o manipular qualsevol dispositiu de protecci\u00f3 o&#13;\nsistema de seguretat que estigu\u00e9s instal\u00b7lat en les p\u00e0gines de WeLoveWebs SL.<\/p><p><strong>Accions legals, legislaci\u00f3 aplicable i jurisdicci\u00f3<\/strong><\/p><p>WeLoveWebs SL es reserva, aix\u00ed mateix, la facultat de presentar les&#13;\naccions civils o penals que consideri oportunes per la utilitzaci\u00f3 indeguda&#13;\ndel seu lloc web i continguts, o per l&#8217;incompliment de les presents&#13;\ncondicions.<\/p><p>La relaci\u00f3 entre l&#8217;usuari i el prestador es regir\u00e0 per la&#13;\nnormativa vigent i d&#8217;aplicaci\u00f3 en el territori espanyol. De sorgir qualsevol&#13;\ncontrov\u00e8rsia les parts podran sotmetre els seus conflictes a arbitratge o acudir a la&#13;\njurisdicci\u00f3 ordin\u00e0ria complint amb les normes sobre jurisdicci\u00f3 i&#13;\ncompet\u00e8ncia sobre aquest tema. WeLoveWebs SL t\u00e9 el seu domicili a Barcelona, Espanya.<\/p>","protected":false},"excerpt":{"rendered":"<p>En compliment de la Llei 34\/2002, d&#8217;11 de juliol, de Serveis de la Societat de la Informaci\u00f3 i de Comer\u00e7 Electr\u00f2nic (LSSI-CE), WeLoveWebs SL informa que \u00e9s titular del lloc web www.welovewebs.com. D&#8217;acord amb l&#8217;exig\u00e8ncia de l&#8217;article 10 de la citada Llei, WeLoveWebs SL informa de les seg\u00fcents dades: El titular d&#8217;aquest lloc web \u00e9s<\/p>\n","protected":false},"author":2,"featured_media":0,"parent":0,"menu_order":0,"comment_status":"closed","ping_status":"closed","template":"","meta":{"_acf_changed":false,"footnotes":""},"class_list":["post-4925","page","type-page","status-publish","hentry"],"acf":[],"yoast_head":"<!-- This site is optimized with the Yoast SEO plugin v24.5 - https:\/\/yoast.com\/wordpress\/plugins\/seo\/ -->\n<title>Termes i condicions - WeLoveWebs<\/title>\n<meta name=\"robots\" content=\"index, follow, max-snippet:-1, max-image-preview:large, max-video-preview:-1\" \/>\n<link rel=\"canonical\" href=\"https:\/\/welovewebs.com\/ca\/termes-i-condicions\/\" \/>\n<meta property=\"og:locale\" content=\"ca_ES\" \/>\n<meta property=\"og:type\" content=\"article\" \/>\n<meta property=\"og:title\" content=\"Termes i condicions - WeLoveWebs\" \/>\n<meta property=\"og:description\" content=\"En compliment de la Llei 34\/2002, d&#8217;11 de juliol, de Serveis de la Societat de la Informaci\u00f3 i de Comer\u00e7 Electr\u00f2nic (LSSI-CE), WeLoveWebs SL informa que \u00e9s titular del lloc web www.welovewebs.com. D&#8217;acord amb l&#8217;exig\u00e8ncia de l&#8217;article 10 de la citada Llei, WeLoveWebs SL informa de les seg\u00fcents dades: El titular d&#8217;aquest lloc web \u00e9s\" \/>\n<meta property=\"og:url\" content=\"https:\/\/welovewebs.com\/ca\/termes-i-condicions\/\" \/>\n<meta property=\"og:site_name\" content=\"WeLoveWebs\" \/>\n<meta property=\"article:modified_time\" content=\"2021-01-13T08:33:19+00:00\" \/>\n<meta name=\"twitter:card\" content=\"summary_large_image\" \/>\n<meta name=\"twitter:label1\" content=\"Temps estimat de lectura\" \/>\n\t<meta name=\"twitter:data1\" content=\"6 minuts\" \/>\n<script type=\"application\/ld+json\" class=\"yoast-schema-graph\">{\"@context\":\"https:\/\/schema.org\",\"@graph\":[{\"@type\":\"WebPage\",\"@id\":\"https:\/\/welovewebs.com\/ca\/termes-i-condicions\/\",\"url\":\"https:\/\/welovewebs.com\/ca\/termes-i-condicions\/\",\"name\":\"Termes i condicions - WeLoveWebs\",\"isPartOf\":{\"@id\":\"https:\/\/welovewebs.com\/ca\/#website\"},\"datePublished\":\"2021-01-12T10:26:57+00:00\",\"dateModified\":\"2021-01-13T08:33:19+00:00\",\"breadcrumb\":{\"@id\":\"https:\/\/welovewebs.com\/ca\/termes-i-condicions\/#breadcrumb\"},\"inLanguage\":\"ca\",\"potentialAction\":[{\"@type\":\"ReadAction\",\"target\":[\"https:\/\/welovewebs.com\/ca\/termes-i-condicions\/\"]}]},{\"@type\":\"BreadcrumbList\",\"@id\":\"https:\/\/welovewebs.com\/ca\/termes-i-condicions\/#breadcrumb\",\"itemListElement\":[{\"@type\":\"ListItem\",\"position\":1,\"name\":\"Portada\",\"item\":\"https:\/\/welovewebs.com\/ca\/\"},{\"@type\":\"ListItem\",\"position\":2,\"name\":\"Termes i condicions\"}]},{\"@type\":\"WebSite\",\"@id\":\"https:\/\/welovewebs.com\/ca\/#website\",\"url\":\"https:\/\/welovewebs.com\/ca\/\",\"name\":\"WeLoveWebs\",\"description\":\"Tu Agencia de Marketing Digital y Desarrollo Web en Barcelona\",\"publisher\":{\"@id\":\"https:\/\/welovewebs.com\/ca\/#organization\"},\"potentialAction\":[{\"@type\":\"SearchAction\",\"target\":{\"@type\":\"EntryPoint\",\"urlTemplate\":\"https:\/\/welovewebs.com\/ca\/?s={search_term_string}\"},\"query-input\":{\"@type\":\"PropertyValueSpecification\",\"valueRequired\":true,\"valueName\":\"search_term_string\"}}],\"inLanguage\":\"ca\"},{\"@type\":\"Organization\",\"@id\":\"https:\/\/welovewebs.com\/ca\/#organization\",\"name\":\"WeLoveWebs SL\",\"url\":\"https:\/\/welovewebs.com\/ca\/\",\"logo\":{\"@type\":\"ImageObject\",\"inLanguage\":\"ca\",\"@id\":\"https:\/\/welovewebs.com\/ca\/#\/schema\/logo\/image\/\",\"url\":\"https:\/\/welovewebs.com\/wp-content\/uploads\/2020\/02\/favicon-1.gif\",\"contentUrl\":\"https:\/\/welovewebs.com\/wp-content\/uploads\/2020\/02\/favicon-1.gif\",\"width\":260,\"height\":260,\"caption\":\"WeLoveWebs SL\"},\"image\":{\"@id\":\"https:\/\/welovewebs.com\/ca\/#\/schema\/logo\/image\/\"}}]}<\/script>\n<!-- \/ Yoast SEO plugin. -->","yoast_head_json":{"title":"Termes i condicions - WeLoveWebs","robots":{"index":"index","follow":"follow","max-snippet":"max-snippet:-1","max-image-preview":"max-image-preview:large","max-video-preview":"max-video-preview:-1"},"canonical":"https:\/\/welovewebs.com\/ca\/termes-i-condicions\/","og_locale":"ca_ES","og_type":"article","og_title":"Termes i condicions - WeLoveWebs","og_description":"En compliment de la Llei 34\/2002, d&#8217;11 de juliol, de Serveis de la Societat de la Informaci\u00f3 i de Comer\u00e7 Electr\u00f2nic (LSSI-CE), WeLoveWebs SL informa que \u00e9s titular del lloc web www.welovewebs.com. D&#8217;acord amb l&#8217;exig\u00e8ncia de l&#8217;article 10 de la citada Llei, WeLoveWebs SL informa de les seg\u00fcents dades: El titular d&#8217;aquest lloc web \u00e9s","og_url":"https:\/\/welovewebs.com\/ca\/termes-i-condicions\/","og_site_name":"WeLoveWebs","article_modified_time":"2021-01-13T08:33:19+00:00","twitter_card":"summary_large_image","twitter_misc":{"Temps estimat de lectura":"6 minuts"},"schema":{"@context":"https:\/\/schema.org","@graph":[{"@type":"WebPage","@id":"https:\/\/welovewebs.com\/ca\/termes-i-condicions\/","url":"https:\/\/welovewebs.com\/ca\/termes-i-condicions\/","name":"Termes i condicions - WeLoveWebs","isPartOf":{"@id":"https:\/\/welovewebs.com\/ca\/#website"},"datePublished":"2021-01-12T10:26:57+00:00","dateModified":"2021-01-13T08:33:19+00:00","breadcrumb":{"@id":"https:\/\/welovewebs.com\/ca\/termes-i-condicions\/#breadcrumb"},"inLanguage":"ca","potentialAction":[{"@type":"ReadAction","target":["https:\/\/welovewebs.com\/ca\/termes-i-condicions\/"]}]},{"@type":"BreadcrumbList","@id":"https:\/\/welovewebs.com\/ca\/termes-i-condicions\/#breadcrumb","itemListElement":[{"@type":"ListItem","position":1,"name":"Portada","item":"https:\/\/welovewebs.com\/ca\/"},{"@type":"ListItem","position":2,"name":"Termes i condicions"}]},{"@type":"WebSite","@id":"https:\/\/welovewebs.com\/ca\/#website","url":"https:\/\/welovewebs.com\/ca\/","name":"WeLoveWebs","description":"Tu Agencia de Marketing Digital y Desarrollo Web en Barcelona","publisher":{"@id":"https:\/\/welovewebs.com\/ca\/#organization"},"potentialAction":[{"@type":"SearchAction","target":{"@type":"EntryPoint","urlTemplate":"https:\/\/welovewebs.com\/ca\/?s={search_term_string}"},"query-input":{"@type":"PropertyValueSpecification","valueRequired":true,"valueName":"search_term_string"}}],"inLanguage":"ca"},{"@type":"Organization","@id":"https:\/\/welovewebs.com\/ca\/#organization","name":"WeLoveWebs SL","url":"https:\/\/welovewebs.com\/ca\/","logo":{"@type":"ImageObject","inLanguage":"ca","@id":"https:\/\/welovewebs.com\/ca\/#\/schema\/logo\/image\/","url":"https:\/\/welovewebs.com\/wp-content\/uploads\/2020\/02\/favicon-1.gif","contentUrl":"https:\/\/welovewebs.com\/wp-content\/uploads\/2020\/02\/favicon-1.gif","width":260,"height":260,"caption":"WeLoveWebs SL"},"image":{"@id":"https:\/\/welovewebs.com\/ca\/#\/schema\/logo\/image\/"}}]}},"_links":{"self":[{"href":"https:\/\/welovewebs.com\/ca\/wp-json\/wp\/v2\/pages\/4925","targetHints":{"allow":["GET"]}}],"collection":[{"href":"https:\/\/welovewebs.com\/ca\/wp-json\/wp\/v2\/pages"}],"about":[{"href":"https:\/\/welovewebs.com\/ca\/wp-json\/wp\/v2\/types\/page"}],"author":[{"embeddable":true,"href":"https:\/\/welovewebs.com\/ca\/wp-json\/wp\/v2\/users\/2"}],"replies":[{"embeddable":true,"href":"https:\/\/welovewebs.com\/ca\/wp-json\/wp\/v2\/comments?post=4925"}],"version-history":[{"count":0,"href":"https:\/\/welovewebs.com\/ca\/wp-json\/wp\/v2\/pages\/4925\/revisions"}],"wp:attachment":[{"href":"https:\/\/welovewebs.com\/ca\/wp-json\/wp\/v2\/media?parent=4925"}],"curies":[{"name":"wp","href":"https:\/\/api.w.org\/{rel}","templated":true}]}}