{"id":5260,"date":"2021-07-07T10:24:01","date_gmt":"2021-07-07T08:24:01","guid":{"rendered":"https:\/\/welovewebs.com\/?page_id=5260"},"modified":"2025-04-22T10:23:34","modified_gmt":"2025-04-22T08:23:34","slug":"pla-de-formacio-digital-ca","status":"publish","type":"page","link":"https:\/\/welovewebs.com\/ca\/pla-de-formacio-digital-ca\/","title":{"rendered":"La teva Ag\u00e8ncia de M\u00e0rqueting Digital"},"content":{"rendered":"<div class=\"subtitle\">El futur digital de la teva empresa comen\u00e7a avui.<\/div>\r\n<div class=\"spacer\">\u00a0<\/div>\r\n<div class=\"featured\">Com a especialistes en estrat\u00e8gies de M\u00e0rqueting Digital, a WeLoveWebs t&#8217;oferim tot el nostre coneixement per a impulsar el teu projecte i aconseguir els teus objectius de negoci.<\/div>\r\n<div class=\"spacer\">\u00a0<\/div>\r\n<p>T&#8217;ho posem molt f\u00e0cil. Prem sobre el bot\u00f3 que trobar\u00e0s a continuaci\u00f3 i emplena el q\u00fcestionari. S\u00f3n preguntes molt senzilles per\u00f2 necess\u00e0ries per a poder establir qu\u00e8 necessita el teu projecte i quines s\u00f3n les teves metes.<\/p>\r\n<p>&nbsp;<\/p><a id=\"boton-cta-landing\" href=\"https:\/\/docs.google.com\/forms\/d\/e\/1FAIpQLScYg0Cr6IwLHo4HSBUQay4WfN_oeN_Bu9GsiQOz_aEBZRGNYQ\/viewform\"><div class=\"text-center\"><button class=\"download-btn\" value=\"\u00bfA qu\u00e9 esperas?\">EXPLICA&#8217;NS EL TEU PROJECTE!<\/button><\/div><\/a><p>&nbsp;<\/p>\r\n<p>A WeLoveWebs el nostre objectiu principal com a Ag\u00e8ncia de M\u00e0rqueting Digital, \u00e9s optimitzar la inversi\u00f3 dels nostres clients, desenvolupant estrat\u00e8gies en l\u00ednia a la mesura de cada pressupost.<\/p>\r\n<p>Quins serveis t&#8217;oferim?<\/p>\r\n<ul class=\"wlw-list bigger-text\">\r\n<li>Assessoria estrat\u00e8gica en Inbound M\u00e0rqueting<\/li>\r\n<li>Desenvolupament Web i Optimitzaci\u00f3 SEO<\/li>\r\n<li>Gesti\u00f3 de Campanyes en Cercadors (SEM)<\/li>\r\n<li>Gesti\u00f3 de Campanyes en Xarxes Socials (SMM)<\/li>\r\n<\/ul>\r\n<p>A <a href=\"https:\/\/welovewebs.com\/ca\/la-agencia\/\" target=\"_blank\" rel=\"noopener noreferrer\">WeLoveWebs<\/a> volem ser la teva Ag\u00e8ncia de M\u00e0rqueting Digital.<\/p>","protected":false},"excerpt":{"rendered":"<p>El futur digital de la teva empresa comen\u00e7a avui. \u00a0 Com a especialistes en estrat\u00e8gies de M\u00e0rqueting Digital, a WeLoveWebs t&#8217;oferim tot el nostre coneixement per a impulsar el teu projecte i aconseguir els teus objectius de negoci. \u00a0 T&#8217;ho posem molt f\u00e0cil. Prem sobre el bot\u00f3 que trobar\u00e0s a continuaci\u00f3 i emplena el q\u00fcestionari.<\/p>\n","protected":false},"author":3,"featured_media":5292,"parent":0,"menu_order":0,"comment_status":"closed","ping_status":"closed","template":"page-templates\/landingwlw.php","meta":{"_acf_changed":false,"footnotes":""},"class_list":["post-5260","page","type-page","status-publish","has-post-thumbnail","hentry"],"acf":[],"yoast_head":"<!-- This site is optimized with the Yoast SEO plugin v24.5 - https:\/\/yoast.com\/wordpress\/plugins\/seo\/ -->\n<title>Pla de formaci\u00f3 digital | La teva ag\u00e8ncia de m\u00e0rqueting digital a Barcelona | WeLoveWebs<\/title>\n<meta name=\"description\" content=\"Els nostres plans de formaci\u00f3 per a empreses estan pensats per a facilitar i transitar a Transformaci\u00f3 Digital de l&#039;empresa. Una transici\u00f3 senzilla i no traum\u00e0tica per a aprofitar des del primer moment les bondats i oportunitats de la digitalitzaci\u00f3 de processos.\" \/>\n<meta name=\"robots\" content=\"index, follow, max-snippet:-1, max-image-preview:large, max-video-preview:-1\" \/>\n<link rel=\"canonical\" href=\"https:\/\/welovewebs.com\/ca\/pla-de-formacio-digital-ca\/\" \/>\n<meta property=\"og:locale\" content=\"ca_ES\" \/>\n<meta property=\"og:type\" content=\"article\" \/>\n<meta property=\"og:title\" content=\"Pla de formaci\u00f3 digital | La teva ag\u00e8ncia de m\u00e0rqueting digital a Barcelona | WeLoveWebs\" \/>\n<meta property=\"og:description\" content=\"Els nostres plans de formaci\u00f3 per a empreses estan pensats per a facilitar i transitar a Transformaci\u00f3 Digital de l&#039;empresa. Una transici\u00f3 senzilla i no traum\u00e0tica per a aprofitar des del primer moment les bondats i oportunitats de la digitalitzaci\u00f3 de processos.\" \/>\n<meta property=\"og:url\" content=\"https:\/\/welovewebs.com\/ca\/pla-de-formacio-digital-ca\/\" \/>\n<meta property=\"og:site_name\" content=\"WeLoveWebs\" \/>\n<meta property=\"article:modified_time\" content=\"2025-04-22T08:23:34+00:00\" \/>\n<meta property=\"og:image\" content=\"https:\/\/welovewebs.com\/wp-content\/uploads\/2021\/06\/landing-page.jpg\" \/>\n\t<meta property=\"og:image:width\" content=\"600\" \/>\n\t<meta property=\"og:image:height\" content=\"330\" \/>\n\t<meta property=\"og:image:type\" content=\"image\/jpeg\" \/>\n<meta name=\"twitter:card\" content=\"summary_large_image\" \/>\n<meta name=\"twitter:label1\" content=\"Temps estimat de lectura\" \/>\n\t<meta name=\"twitter:data1\" content=\"3 minuts\" \/>\n<script type=\"application\/ld+json\" class=\"yoast-schema-graph\">{\"@context\":\"https:\/\/schema.org\",\"@graph\":[{\"@type\":\"WebPage\",\"@id\":\"https:\/\/welovewebs.com\/ca\/pla-de-formacio-digital-ca\/\",\"url\":\"https:\/\/welovewebs.com\/ca\/pla-de-formacio-digital-ca\/\",\"name\":\"Pla de formaci\u00f3 digital | La teva ag\u00e8ncia de m\u00e0rqueting digital a Barcelona | WeLoveWebs\",\"isPartOf\":{\"@id\":\"https:\/\/welovewebs.com\/ca\/#website\"},\"primaryImageOfPage\":{\"@id\":\"https:\/\/welovewebs.com\/ca\/pla-de-formacio-digital-ca\/#primaryimage\"},\"image\":{\"@id\":\"https:\/\/welovewebs.com\/ca\/pla-de-formacio-digital-ca\/#primaryimage\"},\"thumbnailUrl\":\"https:\/\/welovewebs.com\/wp-content\/uploads\/2021\/06\/landing-page.jpg\",\"datePublished\":\"2021-07-07T08:24:01+00:00\",\"dateModified\":\"2025-04-22T08:23:34+00:00\",\"description\":\"Els nostres plans de formaci\u00f3 per a empreses estan pensats per a facilitar i transitar a Transformaci\u00f3 Digital de l'empresa. Una transici\u00f3 senzilla i no traum\u00e0tica per a aprofitar des del primer moment les bondats i oportunitats de la digitalitzaci\u00f3 de processos.\",\"breadcrumb\":{\"@id\":\"https:\/\/welovewebs.com\/ca\/pla-de-formacio-digital-ca\/#breadcrumb\"},\"inLanguage\":\"ca\",\"potentialAction\":[{\"@type\":\"ReadAction\",\"target\":[\"https:\/\/welovewebs.com\/ca\/pla-de-formacio-digital-ca\/\"]}]},{\"@type\":\"ImageObject\",\"inLanguage\":\"ca\",\"@id\":\"https:\/\/welovewebs.com\/ca\/pla-de-formacio-digital-ca\/#primaryimage\",\"url\":\"https:\/\/welovewebs.com\/wp-content\/uploads\/2021\/06\/landing-page.jpg\",\"contentUrl\":\"https:\/\/welovewebs.com\/wp-content\/uploads\/2021\/06\/landing-page.jpg\",\"width\":600,\"height\":330,\"caption\":\"WeLoveWebs, tu Agencia de Marketing Digital en Barcelona\"},{\"@type\":\"BreadcrumbList\",\"@id\":\"https:\/\/welovewebs.com\/ca\/pla-de-formacio-digital-ca\/#breadcrumb\",\"itemListElement\":[{\"@type\":\"ListItem\",\"position\":1,\"name\":\"Portada\",\"item\":\"https:\/\/welovewebs.com\/ca\/\"},{\"@type\":\"ListItem\",\"position\":2,\"name\":\"La teva Ag\u00e8ncia de M\u00e0rqueting Digital\"}]},{\"@type\":\"WebSite\",\"@id\":\"https:\/\/welovewebs.com\/ca\/#website\",\"url\":\"https:\/\/welovewebs.com\/ca\/\",\"name\":\"WeLoveWebs\",\"description\":\"Tu Agencia de Marketing Digital y Desarrollo Web en Barcelona\",\"publisher\":{\"@id\":\"https:\/\/welovewebs.com\/ca\/#organization\"},\"potentialAction\":[{\"@type\":\"SearchAction\",\"target\":{\"@type\":\"EntryPoint\",\"urlTemplate\":\"https:\/\/welovewebs.com\/ca\/?s={search_term_string}\"},\"query-input\":{\"@type\":\"PropertyValueSpecification\",\"valueRequired\":true,\"valueName\":\"search_term_string\"}}],\"inLanguage\":\"ca\"},{\"@type\":\"Organization\",\"@id\":\"https:\/\/welovewebs.com\/ca\/#organization\",\"name\":\"WeLoveWebs SL\",\"url\":\"https:\/\/welovewebs.com\/ca\/\",\"logo\":{\"@type\":\"ImageObject\",\"inLanguage\":\"ca\",\"@id\":\"https:\/\/welovewebs.com\/ca\/#\/schema\/logo\/image\/\",\"url\":\"https:\/\/welovewebs.com\/wp-content\/uploads\/2020\/02\/favicon-1.gif\",\"contentUrl\":\"https:\/\/welovewebs.com\/wp-content\/uploads\/2020\/02\/favicon-1.gif\",\"width\":260,\"height\":260,\"caption\":\"WeLoveWebs SL\"},\"image\":{\"@id\":\"https:\/\/welovewebs.com\/ca\/#\/schema\/logo\/image\/\"}}]}<\/script>\n<!-- \/ Yoast SEO plugin. -->","yoast_head_json":{"title":"Pla de formaci\u00f3 digital | La teva ag\u00e8ncia de m\u00e0rqueting digital a Barcelona | WeLoveWebs","description":"Els nostres plans de formaci\u00f3 per a empreses estan pensats per a facilitar i transitar a Transformaci\u00f3 Digital de l'empresa. Una transici\u00f3 senzilla i no traum\u00e0tica per a aprofitar des del primer moment les bondats i oportunitats de la digitalitzaci\u00f3 de processos.","robots":{"index":"index","follow":"follow","max-snippet":"max-snippet:-1","max-image-preview":"max-image-preview:large","max-video-preview":"max-video-preview:-1"},"canonical":"https:\/\/welovewebs.com\/ca\/pla-de-formacio-digital-ca\/","og_locale":"ca_ES","og_type":"article","og_title":"Pla de formaci\u00f3 digital | La teva ag\u00e8ncia de m\u00e0rqueting digital a Barcelona | WeLoveWebs","og_description":"Els nostres plans de formaci\u00f3 per a empreses estan pensats per a facilitar i transitar a Transformaci\u00f3 Digital de l'empresa. Una transici\u00f3 senzilla i no traum\u00e0tica per a aprofitar des del primer moment les bondats i oportunitats de la digitalitzaci\u00f3 de processos.","og_url":"https:\/\/welovewebs.com\/ca\/pla-de-formacio-digital-ca\/","og_site_name":"WeLoveWebs","article_modified_time":"2025-04-22T08:23:34+00:00","og_image":[{"width":600,"height":330,"url":"https:\/\/welovewebs.com\/wp-content\/uploads\/2021\/06\/landing-page.jpg","type":"image\/jpeg"}],"twitter_card":"summary_large_image","twitter_misc":{"Temps estimat de lectura":"3 minuts"},"schema":{"@context":"https:\/\/schema.org","@graph":[{"@type":"WebPage","@id":"https:\/\/welovewebs.com\/ca\/pla-de-formacio-digital-ca\/","url":"https:\/\/welovewebs.com\/ca\/pla-de-formacio-digital-ca\/","name":"Pla de formaci\u00f3 digital | La teva ag\u00e8ncia de m\u00e0rqueting digital a Barcelona | WeLoveWebs","isPartOf":{"@id":"https:\/\/welovewebs.com\/ca\/#website"},"primaryImageOfPage":{"@id":"https:\/\/welovewebs.com\/ca\/pla-de-formacio-digital-ca\/#primaryimage"},"image":{"@id":"https:\/\/welovewebs.com\/ca\/pla-de-formacio-digital-ca\/#primaryimage"},"thumbnailUrl":"https:\/\/welovewebs.com\/wp-content\/uploads\/2021\/06\/landing-page.jpg","datePublished":"2021-07-07T08:24:01+00:00","dateModified":"2025-04-22T08:23:34+00:00","description":"Els nostres plans de formaci\u00f3 per a empreses estan pensats per a facilitar i transitar a Transformaci\u00f3 Digital de l'empresa. Una transici\u00f3 senzilla i no traum\u00e0tica per a aprofitar des del primer moment les bondats i oportunitats de la digitalitzaci\u00f3 de processos.","breadcrumb":{"@id":"https:\/\/welovewebs.com\/ca\/pla-de-formacio-digital-ca\/#breadcrumb"},"inLanguage":"ca","potentialAction":[{"@type":"ReadAction","target":["https:\/\/welovewebs.com\/ca\/pla-de-formacio-digital-ca\/"]}]},{"@type":"ImageObject","inLanguage":"ca","@id":"https:\/\/welovewebs.com\/ca\/pla-de-formacio-digital-ca\/#primaryimage","url":"https:\/\/welovewebs.com\/wp-content\/uploads\/2021\/06\/landing-page.jpg","contentUrl":"https:\/\/welovewebs.com\/wp-content\/uploads\/2021\/06\/landing-page.jpg","width":600,"height":330,"caption":"WeLoveWebs, tu Agencia de Marketing Digital en Barcelona"},{"@type":"BreadcrumbList","@id":"https:\/\/welovewebs.com\/ca\/pla-de-formacio-digital-ca\/#breadcrumb","itemListElement":[{"@type":"ListItem","position":1,"name":"Portada","item":"https:\/\/welovewebs.com\/ca\/"},{"@type":"ListItem","position":2,"name":"La teva Ag\u00e8ncia de M\u00e0rqueting Digital"}]},{"@type":"WebSite","@id":"https:\/\/welovewebs.com\/ca\/#website","url":"https:\/\/welovewebs.com\/ca\/","name":"WeLoveWebs","description":"Tu Agencia de Marketing Digital y Desarrollo Web en Barcelona","publisher":{"@id":"https:\/\/welovewebs.com\/ca\/#organization"},"potentialAction":[{"@type":"SearchAction","target":{"@type":"EntryPoint","urlTemplate":"https:\/\/welovewebs.com\/ca\/?s={search_term_string}"},"query-input":{"@type":"PropertyValueSpecification","valueRequired":true,"valueName":"search_term_string"}}],"inLanguage":"ca"},{"@type":"Organization","@id":"https:\/\/welovewebs.com\/ca\/#organization","name":"WeLoveWebs SL","url":"https:\/\/welovewebs.com\/ca\/","logo":{"@type":"ImageObject","inLanguage":"ca","@id":"https:\/\/welovewebs.com\/ca\/#\/schema\/logo\/image\/","url":"https:\/\/welovewebs.com\/wp-content\/uploads\/2020\/02\/favicon-1.gif","contentUrl":"https:\/\/welovewebs.com\/wp-content\/uploads\/2020\/02\/favicon-1.gif","width":260,"height":260,"caption":"WeLoveWebs SL"},"image":{"@id":"https:\/\/welovewebs.com\/ca\/#\/schema\/logo\/image\/"}}]}},"_links":{"self":[{"href":"https:\/\/welovewebs.com\/ca\/wp-json\/wp\/v2\/pages\/5260","targetHints":{"allow":["GET"]}}],"collection":[{"href":"https:\/\/welovewebs.com\/ca\/wp-json\/wp\/v2\/pages"}],"about":[{"href":"https:\/\/welovewebs.com\/ca\/wp-json\/wp\/v2\/types\/page"}],"author":[{"embeddable":true,"href":"https:\/\/welovewebs.com\/ca\/wp-json\/wp\/v2\/users\/3"}],"replies":[{"embeddable":true,"href":"https:\/\/welovewebs.com\/ca\/wp-json\/wp\/v2\/comments?post=5260"}],"version-history":[{"count":2,"href":"https:\/\/welovewebs.com\/ca\/wp-json\/wp\/v2\/pages\/5260\/revisions"}],"predecessor-version":[{"id":6510,"href":"https:\/\/welovewebs.com\/ca\/wp-json\/wp\/v2\/pages\/5260\/revisions\/6510"}],"wp:featuredmedia":[{"embeddable":true,"href":"https:\/\/welovewebs.com\/ca\/wp-json\/wp\/v2\/media\/5292"}],"wp:attachment":[{"href":"https:\/\/welovewebs.com\/ca\/wp-json\/wp\/v2\/media?parent=5260"}],"curies":[{"name":"wp","href":"https:\/\/api.w.org\/{rel}","templated":true}]}}